{"id":1717,"date":"2024-01-17T04:03:58","date_gmt":"2024-01-17T01:03:58","guid":{"rendered":"https:\/\/chronicles.store\/iletisime-gecin\/"},"modified":"2025-03-12T22:44:59","modified_gmt":"2025-03-12T19:44:59","slug":"iletisime-gecin","status":"publish","type":"page","link":"https:\/\/chronicles.store\/tr\/iletisime-gecin\/","title":{"rendered":"\u0130leti\u015fime Ge\u00e7in"},"content":{"rendered":"\t\t<div data-elementor-type=\"wp-page\" data-elementor-id=\"1717\" class=\"elementor elementor-1717 elementor-1088\" data-elementor-post-type=\"page\">\n\t\t\t\t<div class=\"elementor-element elementor-element-4b6fc9c e-flex e-con-boxed kitify-col-width-auto-no ignore-docs-style-no kitify-disable-relative-no e-root-container elementor-top-section e-con e-parent\" data-id=\"4b6fc9c\" data-element_type=\"container\" data-e-type=\"container\">\n\t\t\t\t\t<div class=\"e-con-inner\">\n\t\t<div class=\"elementor-element elementor-element-7e7a084 e-con-full e-flex kitify-col-width-auto-no ignore-docs-style-no kitify-disable-relative-no e-con e-child\" data-id=\"7e7a084\" data-element_type=\"container\" data-e-type=\"container\">\n\t\t\t\t<div class=\"elementor-element elementor-element-3418fe1 kitify-breadcrumbs-page-title-yes elementor-widget kitify elementor-kitify-breadcrumbs\" data-id=\"3418fe1\" data-element_type=\"widget\" data-e-type=\"widget\" data-widget_type=\"kitify-breadcrumbs.default\">\n\t\t\t\t<div class=\"elementor-widget-container\">\n\t\t\t\t\t\n\t\t<div class=\"kitify-breadcrumbs\">\n\t\t<div class=\"kitify-breadcrumbs__content\">\n\t\t<div class=\"kitify-breadcrumbs__wrap\"><div class=\"kitify-breadcrumbs__item\"><a href=\"https:\/\/chronicles.store\/tr\/\" class=\"kitify-breadcrumbs__item-link is-home\" rel=\"home\" title=\"Ana Sayfa\">Ana Sayfa<\/a><\/div>\n\t\t<\/div>\n\t\t<\/div>\n\t\t<\/div>\t\t\t\t<\/div>\n\t\t\t\t<\/div>\n\t\t\t\t<div class=\"elementor-element elementor-element-8dcb318 elementor-widget elementor-widget-shortcode\" data-id=\"8dcb318\" data-element_type=\"widget\" data-e-type=\"widget\" data-widget_type=\"shortcode.default\">\n\t\t\t\t<div class=\"elementor-widget-container\">\n\t\t\t\t\t\t\t<div class=\"elementor-shortcode\">[contact-form-7 id=\"55dcfcc\" title=\"\u0130leti\u015fim formu 1\"]<\/div>\n\t\t\t\t\t\t<\/div>\n\t\t\t\t<\/div>\n\t\t\t\t<\/div>\n\t\t\t\t\t<\/div>\n\t\t\t\t<\/div>\n\t\t<div class=\"elementor-element elementor-element-6317d7f e-flex e-con-boxed kitify-col-width-auto-no ignore-docs-style-no kitify-disable-relative-no e-root-container elementor-top-section e-con e-parent\" data-id=\"6317d7f\" data-element_type=\"container\" data-e-type=\"container\">\n\t\t\t\t\t<div class=\"e-con-inner\">\n\t\t\t\t<div class=\"elementor-element elementor-element-e2385e3 elementor-widget elementor-widget-shortcode\" data-id=\"e2385e3\" data-element_type=\"widget\" data-e-type=\"widget\" data-widget_type=\"shortcode.default\">\n\t\t\t\t<div class=\"elementor-widget-container\">\n\t\t\t\t\t\t\t<div class=\"elementor-shortcode\">[instagram-feed=1]<\/div>\n\t\t\t\t\t\t<\/div>\n\t\t\t\t<\/div>\n\t\t\t\t\t<\/div>\n\t\t\t\t<\/div>\n\t\t\t\t<\/div>\n\t\t","protected":false},"excerpt":{"rendered":"<p>Home [contact-form-7 id=&#8221;55dcfcc&#8221; title=&#8221;\u0130leti\u015fim formu 1&#8243;][instagram-feed=1]<\/p>\n","protected":false},"author":1,"featured_media":0,"parent":0,"menu_order":0,"comment_status":"closed","ping_status":"closed","template":"","meta":{"footnotes":""},"class_list":["post-1717","page","type-page","status-publish","hentry"],"_links":{"self":[{"href":"https:\/\/chronicles.store\/tr\/wp-json\/wp\/v2\/pages\/1717","targetHints":{"allow":["GET"]}}],"collection":[{"href":"https:\/\/chronicles.store\/tr\/wp-json\/wp\/v2\/pages"}],"about":[{"href":"https:\/\/chronicles.store\/tr\/wp-json\/wp\/v2\/types\/page"}],"author":[{"embeddable":true,"href":"https:\/\/chronicles.store\/tr\/wp-json\/wp\/v2\/users\/1"}],"replies":[{"embeddable":true,"href":"https:\/\/chronicles.store\/tr\/wp-json\/wp\/v2\/comments?post=1717"}],"version-history":[{"count":7,"href":"https:\/\/chronicles.store\/tr\/wp-json\/wp\/v2\/pages\/1717\/revisions"}],"predecessor-version":[{"id":2242,"href":"https:\/\/chronicles.store\/tr\/wp-json\/wp\/v2\/pages\/1717\/revisions\/2242"}],"wp:attachment":[{"href":"https:\/\/chronicles.store\/tr\/wp-json\/wp\/v2\/media?parent=1717"}],"curies":[{"name":"wp","href":"https:\/\/api.w.org\/{rel}","templated":true}]}}