{"id":1721,"date":"2025-02-23T22:40:59","date_gmt":"2025-02-23T19:40:59","guid":{"rendered":"https:\/\/chronicles.store\/gizlilik-politikasi\/"},"modified":"2025-02-26T19:51:12","modified_gmt":"2025-02-26T16:51:12","slug":"gizlilik-politikasi","status":"publish","type":"page","link":"https:\/\/chronicles.store\/tr\/gizlilik-politikasi\/","title":{"rendered":"Gizlilik Politikas\u0131"},"content":{"rendered":"\n<p><strong>Toplanan Veriler:<\/strong> Hizmetlerimizi geli\u015ftirmek ve sipari\u015fleri verimli bir \u015fekilde yerine getirmek i\u00e7in m\u00fc\u015fterilerden a\u015fa\u011f\u0131daki ki\u015fisel bilgileri toplar\u0131z: <strong>Ad Soyad, Telefon Numaras\u0131, E-posta Adresi ve G\u00f6nderi Adresi<\/strong>. Bu veriler, hesap kayd\u0131 veya \u00f6deme i\u015flemi s\u0131ras\u0131nda toplan\u0131r.<br\/><br\/><strong>Verilerin Kullan\u0131m\u0131:<\/strong> Toplanan bilgiler yaln\u0131zca sipari\u015f i\u015fleme, g\u00f6nderim ve m\u00fc\u015fteri deste\u011fi dahil olmak \u00fczere <strong>standart e-ticaret i\u015flemleri<\/strong> i\u00e7in kullan\u0131l\u0131r. Ayr\u0131ca, m\u00fc\u015fteri verilerini i\u015flem g\u00fcncellemeleri, promosyonlar ve hizmetle ilgili bildirimler g\u00f6ndermek i\u00e7in kullanabiliriz. M\u00fc\u015fteriler istedikleri zaman pazarlama ileti\u015fimlerinden vazge\u00e7ebilirler.<\/p>\n\n<p><strong>\u00dc\u00e7\u00fcnc\u00fc Taraf Payla\u015f\u0131m\u0131:<\/strong> Gerekli bilgileri <strong>yaln\u0131zca<\/strong> sipari\u015f teslimatlar\u0131n\u0131 kolayla\u015ft\u0131rmak i\u00e7in <strong>nakliye \u015firketleriyle<\/strong> payla\u015f\u0131yoruz. M\u00fc\u015fteri verileri, a\u00e7\u0131k r\u0131za olmaks\u0131z\u0131n pazarlama amac\u0131yla asla sat\u0131lmayacak veya \u00fc\u00e7\u00fcnc\u00fc taraflarla payla\u015f\u0131lmayacakt\u0131r. Yasal gereklilikler veya doland\u0131r\u0131c\u0131l\u0131\u011f\u0131n \u00f6nlenmesi durumlar\u0131nda, gerekli bilgileri yetkililere if\u015fa edebiliriz.<\/p>\n\n<p><strong>\u00c7erezler<\/strong> Web sitemiz, kullan\u0131c\u0131 deneyimini geli\u015ftirmek, tarama tercihlerini izlemek ve web sitesi i\u015flevselli\u011fini optimize etmek i\u00e7in <strong>standart \u00e7erezler<\/strong> kullan\u0131r. \u00c7erezler site trafi\u011fini analiz etmemize, i\u00e7eri\u011fi ki\u015fiselle\u015ftirmemize ve hizmetlerimizi geli\u015ftirmemize yard\u0131mc\u0131 olur. Kullan\u0131c\u0131lar taray\u0131c\u0131 tercihleri arac\u0131l\u0131\u011f\u0131yla \u00e7erez ayarlar\u0131n\u0131 y\u00f6netebilir.<\/p>\n\n<p><\/p>\n","protected":false},"excerpt":{"rendered":"<p>Toplanan Veriler: Hizmetlerimizi geli\u015ftirmek ve sipari\u015fleri verimli bir \u015fekilde yerine getirmek i\u00e7in m\u00fc\u015fterilerden a\u015fa\u011f\u0131daki ki\u015fisel bilgileri toplar\u0131z: Ad Soyad, Telefon Numaras\u0131, E-posta Adresi ve G\u00f6nderi Adresi. Bu veriler, hesap kayd\u0131 veya \u00f6deme i\u015flemi s\u0131ras\u0131nda toplan\u0131r. Verilerin Kullan\u0131m\u0131: Toplanan bilgiler yaln\u0131zca sipari\u015f i\u015fleme, g\u00f6nderim ve m\u00fc\u015fteri deste\u011fi dahil olmak \u00fczere standart e-ticaret i\u015flemleri i\u00e7in kullan\u0131l\u0131r. Ayr\u0131ca, m\u00fc\u015fteri verilerini i\u015flem g\u00fcncellemeleri, promosyonlar\u2026<\/p>\n","protected":false},"author":1,"featured_media":0,"parent":0,"menu_order":0,"comment_status":"closed","ping_status":"closed","template":"","meta":{"footnotes":""},"class_list":["post-1721","page","type-page","status-publish","hentry"],"_links":{"self":[{"href":"https:\/\/chronicles.store\/tr\/wp-json\/wp\/v2\/pages\/1721","targetHints":{"allow":["GET"]}}],"collection":[{"href":"https:\/\/chronicles.store\/tr\/wp-json\/wp\/v2\/pages"}],"about":[{"href":"https:\/\/chronicles.store\/tr\/wp-json\/wp\/v2\/types\/page"}],"author":[{"embeddable":true,"href":"https:\/\/chronicles.store\/tr\/wp-json\/wp\/v2\/users\/1"}],"replies":[{"embeddable":true,"href":"https:\/\/chronicles.store\/tr\/wp-json\/wp\/v2\/comments?post=1721"}],"version-history":[{"count":1,"href":"https:\/\/chronicles.store\/tr\/wp-json\/wp\/v2\/pages\/1721\/revisions"}],"predecessor-version":[{"id":1728,"href":"https:\/\/chronicles.store\/tr\/wp-json\/wp\/v2\/pages\/1721\/revisions\/1728"}],"wp:attachment":[{"href":"https:\/\/chronicles.store\/tr\/wp-json\/wp\/v2\/media?parent=1721"}],"curies":[{"name":"wp","href":"https:\/\/api.w.org\/{rel}","templated":true}]}}