{"id":1727,"date":"2024-01-17T03:05:41","date_gmt":"2024-01-17T00:05:41","guid":{"rendered":"https:\/\/chronicles.store\/cerez-politikasi\/"},"modified":"2025-02-26T19:51:13","modified_gmt":"2025-02-26T16:51:13","slug":"cerez-politikasi","status":"publish","type":"page","link":"https:\/\/chronicles.store\/tr\/cerez-politikasi\/","title":{"rendered":"\u00c7erez Politikas\u0131"},"content":{"rendered":"\n<p><strong>\u00c7erezler Nedir?<\/strong>  \u00c7erezler, bir web sitesini ziyaret ettiklerinde kullan\u0131c\u0131n\u0131n cihaz\u0131nda depolanan k\u00fc\u00e7\u00fck metin dosyalar\u0131d\u0131r. Tercihleri, giri\u015f bilgilerini ve i\u015flevselli\u011fi art\u0131ran di\u011fer \u00f6nemli bilgileri hat\u0131rlayarak tarama deneyimini geli\u015ftirmeye yard\u0131mc\u0131 olurlar.<\/p>\n\n<p><strong>Kulland\u0131\u011f\u0131m\u0131z \u00c7erez T\u00fcrleri:<\/strong><\/p>\n\n<ol start=\"1\" class=\"wp-block-list\">\n<li><strong>Temel \u00c7erezler<\/strong> \u2013 Bu \u00e7erezler web sitemizin \u00e7al\u0131\u015fmas\u0131 i\u00e7in gereklidir ve devre d\u0131\u015f\u0131 b\u0131rak\u0131lamaz. G\u00fcvenlik, hesap giri\u015fi ve sipari\u015f i\u015fleme gibi temel i\u015flevleri sa\u011flarlar.<\/li>\n\n\n\n<li><strong>Analitik \u00c7erezler<\/strong> \u2013 Bu \u00e7erezler, site trafi\u011fi, pop\u00fcler sayfalar ve kullan\u0131c\u0131 davran\u0131\u015f\u0131 hakk\u0131nda veri toplayarak ziyaret\u00e7ilerin web sitemizle nas\u0131l etkile\u015fimde bulundu\u011funu anlamam\u0131za yard\u0131mc\u0131 olur. Bu bilgiler web sitesi performans\u0131n\u0131 iyile\u015ftirmek i\u00e7in kullan\u0131l\u0131r.<\/li>\n\n\n\n<li><strong>\u0130\u015flevsel \u00c7erezler<\/strong> \u2013 Bu \u00e7erezler, dil ayarlar\u0131 ve g\u00f6r\u00fcnt\u00fcleme tercihleri gibi tercihleri hat\u0131rlayarak ki\u015fiselle\u015ftirilmi\u015f deneyimler sa\u011flar.<\/li>\n\n\n\n<li><strong>Pazarlama \u00c7erezleri<\/strong> \u2013 Bu \u00e7erezler hedefli reklamlar sunmak ve reklam kampanyalar\u0131n\u0131n etkinli\u011fini \u00f6l\u00e7mek i\u00e7in kullan\u0131l\u0131r. Bunlar \u00fc\u00e7\u00fcnc\u00fc taraf reklam ortaklar\u0131 taraf\u0131ndan belirlenebilir.<\/li>\n<\/ol>\n\n<p><strong>\u00c7erezleri Y\u00f6netme:<\/strong> Kullan\u0131c\u0131lar, taray\u0131c\u0131 ayarlar\u0131 arac\u0131l\u0131\u011f\u0131yla \u00e7erezleri kontrol etme veya devre d\u0131\u015f\u0131 b\u0131rakma se\u00e7ene\u011fine sahiptir. Ancak, temel \u00e7erezlerin devre d\u0131\u015f\u0131 b\u0131rak\u0131lmas\u0131 web sitesinin i\u015flevselli\u011fini etkileyebilir. \u00c7erezlerin nas\u0131l y\u00f6netilece\u011fi hakk\u0131nda daha fazla bilgi i\u00e7in taray\u0131c\u0131n\u0131z\u0131n yard\u0131m b\u00f6l\u00fcm\u00fcn\u00fc ziyaret edin.<\/p>\n","protected":false},"excerpt":{"rendered":"<p>\u00c7erezler Nedir? \u00c7erezler, bir web sitesini ziyaret ettiklerinde kullan\u0131c\u0131n\u0131n cihaz\u0131nda depolanan k\u00fc\u00e7\u00fck metin dosyalar\u0131d\u0131r. Tercihleri, giri\u015f bilgilerini ve i\u015flevselli\u011fi art\u0131ran di\u011fer \u00f6nemli bilgileri hat\u0131rlayarak tarama deneyimini geli\u015ftirmeye yard\u0131mc\u0131 olurlar. Kulland\u0131\u011f\u0131m\u0131z \u00c7erez T\u00fcrleri: \u00c7erezleri Y\u00f6netme: Kullan\u0131c\u0131lar, taray\u0131c\u0131 ayarlar\u0131 arac\u0131l\u0131\u011f\u0131yla \u00e7erezleri kontrol etme veya devre d\u0131\u015f\u0131 b\u0131rakma se\u00e7ene\u011fine sahiptir. Ancak, temel \u00e7erezlerin devre d\u0131\u015f\u0131 b\u0131rak\u0131lmas\u0131 web sitesinin i\u015flevselli\u011fini etkileyebilir. \u00c7erezlerin nas\u0131l y\u00f6netilece\u011fi\u2026<\/p>\n","protected":false},"author":1,"featured_media":0,"parent":0,"menu_order":0,"comment_status":"closed","ping_status":"closed","template":"","meta":{"footnotes":""},"class_list":["post-1727","page","type-page","status-publish","hentry"],"_links":{"self":[{"href":"https:\/\/chronicles.store\/tr\/wp-json\/wp\/v2\/pages\/1727","targetHints":{"allow":["GET"]}}],"collection":[{"href":"https:\/\/chronicles.store\/tr\/wp-json\/wp\/v2\/pages"}],"about":[{"href":"https:\/\/chronicles.store\/tr\/wp-json\/wp\/v2\/types\/page"}],"author":[{"embeddable":true,"href":"https:\/\/chronicles.store\/tr\/wp-json\/wp\/v2\/users\/1"}],"replies":[{"embeddable":true,"href":"https:\/\/chronicles.store\/tr\/wp-json\/wp\/v2\/comments?post=1727"}],"version-history":[{"count":1,"href":"https:\/\/chronicles.store\/tr\/wp-json\/wp\/v2\/pages\/1727\/revisions"}],"predecessor-version":[{"id":1731,"href":"https:\/\/chronicles.store\/tr\/wp-json\/wp\/v2\/pages\/1727\/revisions\/1731"}],"wp:attachment":[{"href":"https:\/\/chronicles.store\/tr\/wp-json\/wp\/v2\/media?parent=1727"}],"curies":[{"name":"wp","href":"https:\/\/api.w.org\/{rel}","templated":true}]}}