{"id":1732,"date":"2024-01-17T04:03:58","date_gmt":"2024-01-17T01:03:58","guid":{"rendered":"https:\/\/chronicles.store\/hakkimizda\/"},"modified":"2025-03-13T22:34:23","modified_gmt":"2025-03-13T19:34:23","slug":"hakkimizda","status":"publish","type":"page","link":"https:\/\/chronicles.store\/tr\/hakkimizda\/","title":{"rendered":"Hakk\u0131m\u0131zda"},"content":{"rendered":"\t\t<div data-elementor-type=\"wp-page\" data-elementor-id=\"1732\" class=\"elementor elementor-1732 elementor-1069\" data-elementor-post-type=\"page\">\n\t\t\t\t<div class=\"elementor-element elementor-element-7896525 e-flex e-con-boxed kitify-col-width-auto-no ignore-docs-style-no kitify-disable-relative-no e-root-container elementor-top-section e-con e-parent\" data-id=\"7896525\" data-element_type=\"container\" data-e-type=\"container\">\n\t\t\t\t\t<div class=\"e-con-inner\">\n\t\t<div class=\"elementor-element elementor-element-e7eeae9 e-con-full e-flex kitify-col-width-auto-no ignore-docs-style-no kitify-disable-relative-no elementor-invisible kitify-has-entrance-animation e-con e-child\" data-id=\"e7eeae9\" data-element_type=\"container\" data-e-type=\"container\" data-settings=\"{&quot;animation&quot;:&quot;kitifyShortFadeInUp&quot;}\">\n\t\t\t\t<div class=\"elementor-element elementor-element-21a5b57 elementor-widget elementor-widget-image\" data-id=\"21a5b57\" data-element_type=\"widget\" data-e-type=\"widget\" data-widget_type=\"image.default\">\n\t\t\t\t<div class=\"elementor-widget-container\">\n\t\t\t\t\t\t\t\t\t\t\t\t\t\t\t<img fetchpriority=\"high\" decoding=\"async\" width=\"2000\" height=\"2000\" src=\"https:\/\/chronicles.store\/wp-content\/uploads\/2025\/02\/interior-design-of-aesthetic-and-elegant-room-with-mock-up-poster-frame-boucle-armchair-.jpg\" class=\"attachment-full size-full wp-image-1968\" alt=\"\" srcset=\"https:\/\/chronicles.store\/wp-content\/uploads\/2025\/02\/interior-design-of-aesthetic-and-elegant-room-with-mock-up-poster-frame-boucle-armchair-.jpg 2000w, https:\/\/chronicles.store\/wp-content\/uploads\/2025\/02\/interior-design-of-aesthetic-and-elegant-room-with-mock-up-poster-frame-boucle-armchair--300x300.jpg 300w, https:\/\/chronicles.store\/wp-content\/uploads\/2025\/02\/interior-design-of-aesthetic-and-elegant-room-with-mock-up-poster-frame-boucle-armchair--1024x1024.jpg 1024w, https:\/\/chronicles.store\/wp-content\/uploads\/2025\/02\/interior-design-of-aesthetic-and-elegant-room-with-mock-up-poster-frame-boucle-armchair--150x150.jpg 150w, https:\/\/chronicles.store\/wp-content\/uploads\/2025\/02\/interior-design-of-aesthetic-and-elegant-room-with-mock-up-poster-frame-boucle-armchair--768x768.jpg 768w, https:\/\/chronicles.store\/wp-content\/uploads\/2025\/02\/interior-design-of-aesthetic-and-elegant-room-with-mock-up-poster-frame-boucle-armchair--1536x1536.jpg 1536w, https:\/\/chronicles.store\/wp-content\/uploads\/2025\/02\/interior-design-of-aesthetic-and-elegant-room-with-mock-up-poster-frame-boucle-armchair--1100x1100.jpg 1100w, https:\/\/chronicles.store\/wp-content\/uploads\/2025\/02\/interior-design-of-aesthetic-and-elegant-room-with-mock-up-poster-frame-boucle-armchair--1000x1000.jpg 1000w, https:\/\/chronicles.store\/wp-content\/uploads\/2025\/02\/interior-design-of-aesthetic-and-elegant-room-with-mock-up-poster-frame-boucle-armchair--250x250.jpg 250w, https:\/\/chronicles.store\/wp-content\/uploads\/2025\/02\/interior-design-of-aesthetic-and-elegant-room-with-mock-up-poster-frame-boucle-armchair--50x50.jpg 50w, https:\/\/chronicles.store\/wp-content\/uploads\/2025\/02\/interior-design-of-aesthetic-and-elegant-room-with-mock-up-poster-frame-boucle-armchair--100x100.jpg 100w\" sizes=\"(max-width: 2000px) 100vw, 2000px\" \/>\t\t\t\t\t\t\t\t\t\t\t\t\t\t\t<\/div>\n\t\t\t\t<\/div>\n\t\t\t\t<\/div>\n\t\t<div class=\"elementor-element elementor-element-7a28077 e-con-full e-flex kitify-col-width-auto-no ignore-docs-style-no kitify-disable-relative-no elementor-invisible kitify-has-entrance-animation e-con e-child\" data-id=\"7a28077\" data-element_type=\"container\" data-e-type=\"container\" data-settings=\"{&quot;animation&quot;:&quot;kitifyShortFadeInUp&quot;,&quot;animation_delay&quot;:500}\">\n\t\t\t\t<div class=\"elementor-element elementor-element-a21151f elementor-widget elementor-widget-heading\" data-id=\"a21151f\" data-element_type=\"widget\" data-e-type=\"widget\" data-widget_type=\"heading.default\">\n\t\t\t\t<div class=\"elementor-widget-container\">\n\t\t\t\t\t<span class=\"elementor-heading-title elementor-size-default\">HAKKIMIZDA<\/span>\t\t\t\t<\/div>\n\t\t\t\t<\/div>\n\t\t\t\t<div class=\"elementor-element elementor-element-aad48ee elementor-widget elementor-widget-heading\" data-id=\"aad48ee\" data-element_type=\"widget\" data-e-type=\"widget\" data-widget_type=\"heading.default\">\n\t\t\t\t<div class=\"elementor-widget-container\">\n\t\t\t\t\t<h2 class=\"elementor-heading-title elementor-size-default\">\u0130hti\u015fama Yolculuk, Kendinize \u00d6zg\u00fc Tarz\u0131n\u0131z\u0131 Ke\u015ffedin.<\/h2>\t\t\t\t<\/div>\n\t\t\t\t<\/div>\n\t\t\t\t<div class=\"elementor-element elementor-element-a494a75 elementor-widget elementor-widget-text-editor\" data-id=\"a494a75\" data-element_type=\"widget\" data-e-type=\"widget\" data-widget_type=\"text-editor.default\">\n\t\t\t\t<div class=\"elementor-widget-container\">\n\t\t\t\t\t\t\t\t\t<div class=\"thread-list-item-message-column\"><div><div class=\"message ql-snow\"><div class=\"ql-editor\"><p>Chronicles olarak, her mekan\u0131n bir hikayesi oldu\u011funa ve do\u011fru ayd\u0131nlatman\u0131n anlat\u0131c\u0131 oldu\u011funa inan\u0131yoruz. Ayd\u0131nlatma armat\u00fcrleri ve dekor par\u00e7alar\u0131ndan olu\u015fan se\u00e7kin koleksiyonumuz, minimalist tasar\u0131m\u0131 s\u00fcrd\u00fcr\u00fclebilir malzemelerle birle\u015ftirerek her bir \u00f6\u011fenin hem bir ifade hem de bilin\u00e7li bir se\u00e7im olmas\u0131n\u0131 sa\u011fl\u0131yor. <\/p><\/div><\/div><\/div><\/div>\t\t\t\t\t\t\t\t<\/div>\n\t\t\t\t<\/div>\n\t\t\t\t<div class=\"elementor-element elementor-element-86815f1 elementor-widget kitify elementor-kitify-button\" data-id=\"86815f1\" data-element_type=\"widget\" data-e-type=\"widget\" data-widget_type=\"kitify-button.default\">\n\t\t\t\t<div class=\"elementor-widget-container\">\n\t\t\t\t\t        <div class=\"elementor-button-wrapper\">\n            <a href=\"\/shop\" class=\"elementor-button-link elementor-button elementor-btn-align-icon- elementor-size-md\" role=\"button\">\n                        <span class=\"elementor-button-content-wrapper\">\n\t\t\t\t\t\t<span class=\"elementor-button-text\">\u015e\u0130MD\u0130 KE\u015eFED\u0130N<\/span>\n\t\t<\/span>\n                    <\/a>\n        <\/div>\n        \t\t\t\t<\/div>\n\t\t\t\t<\/div>\n\t\t\t\t<\/div>\n\t\t\t\t\t<\/div>\n\t\t\t\t<\/div>\n\t\t<div class=\"elementor-element elementor-element-8ae17a6 e-flex e-con-boxed kitify-col-width-auto-no ignore-docs-style-no kitify-disable-relative-no e-root-container elementor-top-section e-con e-parent\" data-id=\"8ae17a6\" data-element_type=\"container\" data-e-type=\"container\">\n\t\t\t\t\t<div class=\"e-con-inner\">\n\t\t\t\t<div class=\"elementor-element elementor-element-7b88824 mbtabcontrolisselect-yes mttabcontrolisselect-false kitify_tab-full-no elementor-invisible kitify-has-entrance-animation elementor-widget kitify elementor-kitify-tabs\" data-id=\"7b88824\" data-element_type=\"widget\" data-e-type=\"widget\" data-settings=\"{&quot;_animation&quot;:&quot;kitifyShortFadeInUp&quot;}\" data-widget_type=\"kitify-tabs.default\">\n\t\t\t\t<div class=\"elementor-widget-container\">\n\t\t\t\t\t        <div class=\"kitify-tabs kitify-tabs-style-default kitify-tabs-position-top kitify-tabs-move-up-effect\" data-settings=\"{&quot;activeIndex&quot;:0,&quot;event&quot;:&quot;click&quot;,&quot;autoSwitch&quot;:false,&quot;autoSwitchDelay&quot;:3000}\">\n            <div class=\"kitify-tabs__control-wrapper\">\n                <div id=\"kitify-tabs-control-1291\" class=\"kitify-tabs__control kitify-tabs__control-icon-left active-tab\" data-tab=\"1\" tabindex=\"1291\"><div class=\"kitify-tabs__control-inner\"><div class=\"kitify-tabs__label\"><div class=\"kitify-tabs__label-text\">H\u0130KAYEM\u0130Z<\/div><\/div><\/div><\/div><div id=\"kitify-tabs-control-1292\" class=\"kitify-tabs__control kitify-tabs__control-icon-left \" data-tab=\"2\" tabindex=\"1292\"><div class=\"kitify-tabs__control-inner\"><div class=\"kitify-tabs__label\"><div class=\"kitify-tabs__label-text\">AMACIMIZ<\/div><\/div><\/div><\/div><div id=\"kitify-tabs-control-1293\" class=\"kitify-tabs__control kitify-tabs__control-icon-left \" data-tab=\"3\" tabindex=\"1293\"><div class=\"kitify-tabs__control-inner\"><div class=\"kitify-tabs__label\"><div class=\"kitify-tabs__label-text\">SORUMLULU\u011eUMUZ<\/div><\/div><\/div><\/div><div class=\"kitify-tabs__control-wrapper-mobile\"><a href=\"#\" rel=\"nofollow\" target=\"_self\"><\/a><\/div>            <\/div>\n                        <div class=\"kitify-tabs__content-wrapper\">\n                <div id=\"kitify-tabs-content-1291\" class=\"kitify-tabs__content active-content\" data-tab=\"1\"><div class=\"thread-list-item-message-column\"><div class=\"message ql-snow\"><div class=\"ql-editor\"><p>Chronicles\u2019ta, \u0131\u015f\u0131\u011f\u0131n sadece bir ayd\u0131nlatma olmad\u0131\u011f\u0131n\u0131\u2014bir deneyim oldu\u011funu d\u00fc\u015f\u00fcn\u00fcyoruz. Tasar\u0131ma olan tutkumuz ve duydu\u011fumuz derin sayg\u0131yla yola \u00e7\u0131karak, \u0131\u015f\u0131\u011f\u0131n mekanlarla etkile\u015fimini yeniden tan\u0131mlamay\u0131 ama\u00e7lad\u0131k. Her bir par\u00e7am\u0131z, s\u0131radan anlar\u0131 ola\u011fan\u00fcst\u00fc bir \u015feye d\u00f6n\u00fc\u015ft\u00fcren bir hikaye anlat\u0131r. Zaman\u0131n \u00f6tesinde bir zarafeti, modern minimalizmle birle\u015ftirerek, sadece bir oday\u0131 y\u00fckseltmekle kalmay\u0131p duygular\u0131 da harekete ge\u00e7iren ayd\u0131nlatma ve dekorasyonlar tasarl\u0131yoruz. Chronicles, sanat ve i\u015flevselli\u011fin bulu\u015ftu\u011fu yerdir ve her \u00fcr\u00fcn\u00fcm\u00fcz, seni bilinmeyeni ke\u015ffetmeye, anlat\u0131lmam\u0131\u015f anlar ya\u015famaya ve s\u00f6ylenmemi\u015f sohbetler payla\u015fmaya davet eder.<\/p><\/div><\/div><\/div><\/div><div id=\"kitify-tabs-content-1292\" class=\"kitify-tabs__content \" data-tab=\"2\"><div class=\"thread-list-item-message-column\"><div class=\"message ql-snow\"><div class=\"ql-editor\"><p>Chronicles\u2019taki misyonumuz basit: D\u00fcnyan\u0131za ama\u00e7 ve g\u00fczellik katmak. Duygular uyand\u0131ran, mekanlar\u0131 y\u00fckselten ve insanlar\u0131 bir araya getiren \u00fcr\u00fcnler tasarl\u0131yor ve \u00fcretiyoruz. Koleksiyonumuzdaki her par\u00e7a, estetik \u00e7ekicili\u011fi ve kal\u0131c\u0131 kalitesiyle dikkatle se\u00e7ilmi\u015f ve \u00f6zenle i\u015flenmi\u015ftir. Sadece ayd\u0131nlatma de\u011fil, ilham veren, bireyselli\u011fi yans\u0131tan ve s\u0131radan\u0131 ola\u011fan\u00fcst\u00fcye d\u00f6n\u00fc\u015ft\u00fcren deneyimler yaratman\u0131n g\u00fcc\u00fcne inan\u0131yoruz. Tasar\u0131m, s\u00fcrd\u00fcr\u00fclebilirlik ve i\u015f\u00e7ili\u011fe olan ba\u011fl\u0131l\u0131\u011f\u0131m\u0131zla, hayat\u0131n her k\u00f6\u015fesine s\u0131cakl\u0131k ve zarafet katmay\u0131 hedefliyoruz.<\/p><\/div><\/div><\/div><\/div><div id=\"kitify-tabs-content-1293\" class=\"kitify-tabs__content \" data-tab=\"3\"><p>Chronicles olarak, s\u00fcrd\u00fcr\u00fclebilirli\u011fi \u00fcretimimizin merkezinde konumland\u0131r\u0131yoruz. Yenilenebilir bitki kaynaklar\u0131ndan elde edilen, \u00e7evre dostu PLA Biyoplastik malzemeyi gururla kullan\u0131yoruz; bu malzeme m\u0131s\u0131r ve \u015feker kam\u0131\u015f\u0131 gibi g\u0131da d\u0131\u015f\u0131 tar\u0131m \u00fcr\u00fcnlerinden \u00fcretilir. Geleneksel plastiklerin aksine, PLA biyolojik olarak \u00e7\u00f6z\u00fcnebilen bir malzemedir ve do\u011fa dostudur.<br \/>PLA tercih ederek, at\u0131klar\u0131 azalt\u0131yor ve \u00e7evre dostu tar\u0131m uygulamalar\u0131n\u0131 destekliyoruz, ayn\u0131 zamanda y\u00fcksek kaliteli ve estetik \u00fcr\u00fcnler sunuyoruz. L\u00fcks ve s\u00fcrd\u00fcr\u00fclebilirli\u011fin bir arada var olmas\u0131n\u0131 sa\u011flayarak, tasar\u0131mdan \u00f6d\u00fcn vermeden daha ye\u015fil bir gelecek yaratmaya olan ba\u011fl\u0131l\u0131\u011f\u0131m\u0131z\u0131 s\u00fcrd\u00fcr\u00fcyoruz.<\/p><\/div>            <\/div>\n        <\/div>\n        \t\t\t\t<\/div>\n\t\t\t\t<\/div>\n\t\t\t\t\t<\/div>\n\t\t\t\t<\/div>\n\t\t<div class=\"elementor-element elementor-element-be11a90 e-flex e-con-boxed kitify-col-width-auto-no ignore-docs-style-no kitify-disable-relative-no e-root-container elementor-top-section e-con e-parent\" data-id=\"be11a90\" data-element_type=\"container\" data-e-type=\"container\">\n\t\t\t\t\t<div class=\"e-con-inner\">\n\t\t\t\t<div class=\"elementor-element elementor-element-870a86c elementor-invisible kitify-has-entrance-animation elementor-widget elementor-widget-heading\" data-id=\"870a86c\" data-element_type=\"widget\" data-e-type=\"widget\" data-settings=\"{&quot;_animation&quot;:&quot;kitifyShortFadeInUp&quot;}\" data-widget_type=\"heading.default\">\n\t\t\t\t<div class=\"elementor-widget-container\">\n\t\t\t\t\t<h2 class=\"elementor-heading-title elementor-size-default\">CHRONICLES<\/h2>\t\t\t\t<\/div>\n\t\t\t\t<\/div>\n\t\t\t\t<div class=\"elementor-element elementor-element-9773544 custom-carousel-preset-default kitify-carousel-item-effect-slide elementor-invisible kitify-has-entrance-animation elementor-widget kitify elementor-kitify-testimonials\" data-id=\"9773544\" data-element_type=\"widget\" data-e-type=\"widget\" data-settings=\"{&quot;_animation&quot;:&quot;kitifyShortFadeInUp&quot;,&quot;_animation_delay&quot;:500}\" data-widget_type=\"kitify-testimonials.default\">\n\t\t\t\t<div class=\"elementor-widget-container\">\n\t\t\t\t\t\n<div id=\"tt_9773544\" class=\"kitify-testimonials preset-product kitify-carousel\" data-slider_options=\"{&quot;slidesToScroll&quot;:{&quot;desktop&quot;:&quot;1&quot;,&quot;laptop&quot;:&quot;1&quot;,&quot;tablet&quot;:&quot;1&quot;,&quot;mobile_extra&quot;:&quot;1&quot;},&quot;rows&quot;:{&quot;desktop&quot;:&quot;1&quot;,&quot;laptop&quot;:&quot;1&quot;,&quot;tablet&quot;:&quot;1&quot;,&quot;mobile_extra&quot;:&quot;1&quot;},&quot;autoplaySpeed&quot;:4000,&quot;autoplay&quot;:true,&quot;infinite&quot;:false,&quot;centerMode&quot;:false,&quot;pauseOnHover&quot;:false,&quot;pauseOnInteraction&quot;:false,&quot;reverseDirection&quot;:false,&quot;infiniteEffect&quot;:false,&quot;speed&quot;:500,&quot;arrows&quot;:true,&quot;dots&quot;:false,&quot;variableWidth&quot;:false,&quot;prevArrow&quot;:&quot;.kitify-carousel__prev-arrow-9773544&quot;,&quot;nextArrow&quot;:&quot;.kitify-carousel__next-arrow-9773544&quot;,&quot;dotsElm&quot;:&quot;.kitify-carousel__dots_9773544&quot;,&quot;rtl&quot;:false,&quot;effect&quot;:&quot;slide&quot;,&quot;coverflowEffect&quot;:{&quot;rotate&quot;:null,&quot;stretch&quot;:null,&quot;depth&quot;:null,&quot;modifier&quot;:null,&quot;slideShadows&quot;:null},&quot;dotType&quot;:&quot;bullets&quot;,&quot;direction&quot;:&quot;horizontal&quot;,&quot;uniqueID&quot;:&quot;kitify_carousel_9773544&quot;,&quot;asFor&quot;:&quot;&quot;,&quot;autoHeight&quot;:false,&quot;slidesToShow&quot;:{&quot;desktop&quot;:3,&quot;mobile&quot;:&quot;1&quot;,&quot;tablet&quot;:&quot;2&quot;,&quot;tablet_extra&quot;:&quot;2&quot;,&quot;laptop&quot;:3,&quot;mobile_extra&quot;:&quot;2&quot;}}\" dir=\"ltr\">\n    <div class=\"kitify-carousel-inner\">    <div class=\"kitify-testimonials__list_wrapper swiper-container\">\n        <div class=\"kitify-testimonials__list swiper-wrapper\" data-item_selector=\".kitify-testimonials__item\" id=\"kitify_carousel_9773544\">\n            <div class=\"kitify-testimonials__item elementor-repeater-item-fcf24b6 swiper-slide\">\n\t<div class=\"kitify-testimonials__item-inner\">\n\t\t<div class=\"kitify-testimonials__content\"><div class=\"kitify-testimonials__comment\"><div><p>I\u015f\u0131\u011f\u0131 o kadar yumu\u015fak ve \u015f\u0131k ki\u2026 Ortama inan\u0131lmaz bir s\u0131cakl\u0131k kat\u0131yor. Ger\u00e7ekten etkileyici bir tasar\u0131m!<\/p><\/div><\/div><div class=\"kitify-testimonials__infomation\"><div class=\"kitify-testimonials__name\"><span>Mert K.<\/span><\/div><\/div><div class=\"kitify-testimonials__rating\"><span class=\"star-rating\"><span style=\"width: 100%\"><\/span><\/span><\/div><\/div>\n        <div class=\"kitify-testimonials__product-infomation\"><div class=\"kitify-testimonials__product\"><img decoding=\"async\" width=\"700\" height=\"798\" src=\"https:\/\/chronicles.store\/wp-content\/uploads\/2025\/04\/swirl-lamp-green-700x798.webp\" class=\"attachment-woocommerce_thumbnail size-woocommerce_thumbnail\" alt=\"Swirl Lamp\" \/><div class=\"kitify-testimonials__product_content\"><a class=\"product_item--title\" href=\"https:\/\/chronicles.store\/urun\/swirl-lamp\/\">Swirl Lamp<\/a><a class=\"product_item--action elementor-button\" href=\"https:\/\/chronicles.store\/urun\/swirl-lamp\/\"><svg width=\"14\" height=\"16\" viewBox=\"0 0 14 16\" fill=\"none\" xmlns=\"http:\/\/www.w3.org\/2000\/svg\">\n                <path d=\"M7.6 14.6H1V4.40002H11.8V8.60002\" stroke=\"currentColor\" stroke-linecap=\"round\" stroke-linejoin=\"round\"><\/path>\n                <path d=\"M4 6.20002V3.80002C4 2.47462 5.0746 1.40002 6.4 1.40002C7.7254 1.40002 8.8 2.47462 8.8 3.80002V6.20002\" stroke=\"currentColor\" stroke-linecap=\"round\" stroke-linejoin=\"round\"><\/path>\n                <path d=\"M11.2 11V14.6\" stroke=\"currentColor\" stroke-linecap=\"round\" stroke-linejoin=\"round\"><\/path>\n                <path d=\"M9.39996 12.8H13\" stroke=\"currentColor\" stroke-linecap=\"round\" stroke-linejoin=\"round\"><\/path>\n              <\/svg><\/a> <\/div><\/div><\/div>\t<\/div>\n<\/div>\n<div class=\"kitify-testimonials__item elementor-repeater-item-82fda08 swiper-slide\">\n\t<div class=\"kitify-testimonials__item-inner\">\n\t\t<div class=\"kitify-testimonials__content\"><div class=\"kitify-testimonials__comment\"><div><p>Dokusuna bay\u0131ld\u0131m! Hem modern hem de zamans\u0131z bir havas\u0131 var. Evin her k\u00f6\u015fesine uyum sa\u011fl\u0131yor.<\/p><\/div><\/div><div class=\"kitify-testimonials__infomation\"><div class=\"kitify-testimonials__name\"><span>Elif T.<\/span><\/div><\/div><div class=\"kitify-testimonials__rating\"><span class=\"star-rating\"><span style=\"width: 100%\"><\/span><\/span><\/div><\/div>\n        <div class=\"kitify-testimonials__product-infomation\"><div class=\"kitify-testimonials__product\"><img decoding=\"async\" width=\"700\" height=\"798\" src=\"https:\/\/chronicles.store\/wp-content\/uploads\/2025\/02\/dune-vase-emerald-green-2-700x798.webp\" class=\"attachment-woocommerce_thumbnail size-woocommerce_thumbnail\" alt=\"Dune Vase\" \/><div class=\"kitify-testimonials__product_content\"><a class=\"product_item--title\" href=\"https:\/\/chronicles.store\/urun\/dune-vase\/\">Dune Vase<\/a><a class=\"product_item--action elementor-button\" href=\"https:\/\/chronicles.store\/urun\/dune-vase\/\"><svg width=\"14\" height=\"16\" viewBox=\"0 0 14 16\" fill=\"none\" xmlns=\"http:\/\/www.w3.org\/2000\/svg\">\n                <path d=\"M7.6 14.6H1V4.40002H11.8V8.60002\" stroke=\"currentColor\" stroke-linecap=\"round\" stroke-linejoin=\"round\"><\/path>\n                <path d=\"M4 6.20002V3.80002C4 2.47462 5.0746 1.40002 6.4 1.40002C7.7254 1.40002 8.8 2.47462 8.8 3.80002V6.20002\" stroke=\"currentColor\" stroke-linecap=\"round\" stroke-linejoin=\"round\"><\/path>\n                <path d=\"M11.2 11V14.6\" stroke=\"currentColor\" stroke-linecap=\"round\" stroke-linejoin=\"round\"><\/path>\n                <path d=\"M9.39996 12.8H13\" stroke=\"currentColor\" stroke-linecap=\"round\" stroke-linejoin=\"round\"><\/path>\n              <\/svg><\/a> <\/div><\/div><\/div>\t<\/div>\n<\/div>\n<div class=\"kitify-testimonials__item elementor-repeater-item-e54c7f3 swiper-slide\">\n\t<div class=\"kitify-testimonials__item-inner\">\n\t\t<div class=\"kitify-testimonials__content\"><div class=\"kitify-testimonials__comment\"><div><div class=\"thread-list-item-message-column\"><div class=\"message ql-snow\"><div class=\"ql-editor\"><p>Formu tam bir sanat eseri gibi. \u00c7i\u00e7ekler olmadan bile kendi ba\u015f\u0131na harika g\u00f6r\u00fcn\u00fcyor!<\/p><\/div><\/div><\/div><\/div><\/div><div class=\"kitify-testimonials__infomation\"><div class=\"kitify-testimonials__name\"><span>Zeynep A.<\/span><\/div><\/div><div class=\"kitify-testimonials__rating\"><span class=\"star-rating\"><span style=\"width: 100%\"><\/span><\/span><\/div><\/div>\n        <div class=\"kitify-testimonials__product-infomation\"><div class=\"kitify-testimonials__product\"><img loading=\"lazy\" decoding=\"async\" width=\"700\" height=\"798\" src=\"https:\/\/chronicles.store\/wp-content\/uploads\/2025\/03\/bloom-pot-beige-700x798.webp\" class=\"attachment-woocommerce_thumbnail size-woocommerce_thumbnail\" alt=\"Bloom Pot\" \/><div class=\"kitify-testimonials__product_content\"><a class=\"product_item--title\" href=\"https:\/\/chronicles.store\/urun\/bloom-pot\/\">Bloom Pot<\/a><a class=\"product_item--action elementor-button\" href=\"https:\/\/chronicles.store\/urun\/bloom-pot\/\"><svg width=\"14\" height=\"16\" viewBox=\"0 0 14 16\" fill=\"none\" xmlns=\"http:\/\/www.w3.org\/2000\/svg\">\n                <path d=\"M7.6 14.6H1V4.40002H11.8V8.60002\" stroke=\"currentColor\" stroke-linecap=\"round\" stroke-linejoin=\"round\"><\/path>\n                <path d=\"M4 6.20002V3.80002C4 2.47462 5.0746 1.40002 6.4 1.40002C7.7254 1.40002 8.8 2.47462 8.8 3.80002V6.20002\" stroke=\"currentColor\" stroke-linecap=\"round\" stroke-linejoin=\"round\"><\/path>\n                <path d=\"M11.2 11V14.6\" stroke=\"currentColor\" stroke-linecap=\"round\" stroke-linejoin=\"round\"><\/path>\n                <path d=\"M9.39996 12.8H13\" stroke=\"currentColor\" stroke-linecap=\"round\" stroke-linejoin=\"round\"><\/path>\n              <\/svg><\/a> <\/div><\/div><\/div>\t<\/div>\n<\/div>\n        <\/div>\n    <\/div>\n    <\/div><div class=\"kitify-carousel__prev-arrow-9773544 kitify-arrow prev-arrow\"><i aria-hidden=\"true\" class=\"novaicon-arrow-left\"><\/i><\/div><div class=\"kitify-carousel__next-arrow-9773544 kitify-arrow next-arrow\"><i aria-hidden=\"true\" class=\"novaicon-arrow-right\"><\/i><\/div><\/div>\t\t\t\t<\/div>\n\t\t\t\t<\/div>\n\t\t\t\t\t<\/div>\n\t\t\t\t<\/div>\n\t\t<div class=\"elementor-element elementor-element-139d97c e-con-full e-flex kitify-col-width-auto-no ignore-docs-style-no kitify-disable-relative-no e-root-container elementor-top-section e-con e-parent\" data-id=\"139d97c\" data-element_type=\"container\" data-e-type=\"container\">\n\t\t\t\t<div class=\"elementor-element elementor-element-0f53998 elementor-widget__width-inherit elementor-widget elementor-widget-shortcode\" data-id=\"0f53998\" data-element_type=\"widget\" data-e-type=\"widget\" data-widget_type=\"shortcode.default\">\n\t\t\t\t<div class=\"elementor-widget-container\">\n\t\t\t\t\t\t\t<div class=\"elementor-shortcode\">[instagram-feed feed=\"1\"]<\/div>\n\t\t\t\t\t\t<\/div>\n\t\t\t\t<\/div>\n\t\t\t\t<\/div>\n\t\t\t\t<\/div>\n\t\t","protected":false},"excerpt":{"rendered":"<p>HAKKIMIZDA \u0130hti\u015fama Yolculuk, Kendinize \u00d6zg\u00fc Tarz\u0131n\u0131z\u0131 Ke\u015ffedin. Chronicles olarak, her mekan\u0131n bir hikayesi oldu\u011funa ve do\u011fru ayd\u0131nlatman\u0131n anlat\u0131c\u0131 oldu\u011funa inan\u0131yoruz. Ayd\u0131nlatma armat\u00fcrleri ve dekor par\u00e7alar\u0131ndan olu\u015fan se\u00e7kin koleksiyonumuz, minimalist tasar\u0131m\u0131 s\u00fcrd\u00fcr\u00fclebilir malzemelerle birle\u015ftirerek her bir \u00f6\u011fenin hem bir ifade hem de bilin\u00e7li bir se\u00e7im olmas\u0131n\u0131 sa\u011fl\u0131yor. \u015e\u0130MD\u0130 KE\u015eFED\u0130N H\u0130KAYEM\u0130ZAMACIMIZSORUMLULU\u011eUMUZ Chronicles\u2019ta, \u0131\u015f\u0131\u011f\u0131n sadece bir ayd\u0131nlatma olmad\u0131\u011f\u0131n\u0131\u2014bir deneyim oldu\u011funu d\u00fc\u015f\u00fcn\u00fcyoruz. Tasar\u0131ma olan\u2026<\/p>\n","protected":false},"author":1,"featured_media":0,"parent":0,"menu_order":0,"comment_status":"closed","ping_status":"closed","template":"","meta":{"footnotes":""},"class_list":["post-1732","page","type-page","status-publish","hentry"],"_links":{"self":[{"href":"https:\/\/chronicles.store\/tr\/wp-json\/wp\/v2\/pages\/1732","targetHints":{"allow":["GET"]}}],"collection":[{"href":"https:\/\/chronicles.store\/tr\/wp-json\/wp\/v2\/pages"}],"about":[{"href":"https:\/\/chronicles.store\/tr\/wp-json\/wp\/v2\/types\/page"}],"author":[{"embeddable":true,"href":"https:\/\/chronicles.store\/tr\/wp-json\/wp\/v2\/users\/1"}],"replies":[{"embeddable":true,"href":"https:\/\/chronicles.store\/tr\/wp-json\/wp\/v2\/comments?post=1732"}],"version-history":[{"count":13,"href":"https:\/\/chronicles.store\/tr\/wp-json\/wp\/v2\/pages\/1732\/revisions"}],"predecessor-version":[{"id":2272,"href":"https:\/\/chronicles.store\/tr\/wp-json\/wp\/v2\/pages\/1732\/revisions\/2272"}],"wp:attachment":[{"href":"https:\/\/chronicles.store\/tr\/wp-json\/wp\/v2\/media?parent=1732"}],"curies":[{"name":"wp","href":"https:\/\/api.w.org\/{rel}","templated":true}]}}