{"id":1736,"date":"2024-01-17T04:03:58","date_gmt":"2024-01-17T01:03:58","guid":{"rendered":"https:\/\/chronicles.store\/sss\/"},"modified":"2025-02-26T19:51:18","modified_gmt":"2025-02-26T16:51:18","slug":"sss","status":"publish","type":"page","link":"https:\/\/chronicles.store\/tr\/sss\/","title":{"rendered":"SSS"},"content":{"rendered":"\t\t<div data-elementor-type=\"wp-page\" data-elementor-id=\"1736\" class=\"elementor elementor-1736 elementor-1083\" data-elementor-post-type=\"page\">\n\t\t\t\t<div class=\"elementor-element elementor-element-007eea8 e-flex e-con-boxed kitify-col-width-auto-no ignore-docs-style-no kitify-disable-relative-no e-root-container elementor-top-section e-con e-parent\" data-id=\"007eea8\" data-element_type=\"container\" data-e-type=\"container\">\n\t\t\t\t\t<div class=\"e-con-inner\">\n\t\t\t\t<div class=\"elementor-element elementor-element-9eab185 kitify-breadcrumbs-page-title-yes elementor-widget kitify elementor-kitify-breadcrumbs\" data-id=\"9eab185\" data-element_type=\"widget\" data-e-type=\"widget\" data-widget_type=\"kitify-breadcrumbs.default\">\n\t\t\t\t<div class=\"elementor-widget-container\">\n\t\t\t\t\t\n\t\t<div class=\"kitify-breadcrumbs\">\n\t\t<div class=\"kitify-breadcrumbs__content\">\n\t\t<div class=\"kitify-breadcrumbs__wrap\"><div class=\"kitify-breadcrumbs__item\"><a href=\"https:\/\/chronicles.store\/tr\/\" class=\"kitify-breadcrumbs__item-link is-home\" rel=\"home\" title=\"Ana Sayfa\">Ana Sayfa<\/a><\/div>\n\t\t<\/div>\n\t\t<\/div>\n\t\t<\/div>\t\t\t\t<\/div>\n\t\t\t\t<\/div>\n\t\t\t\t\t<\/div>\n\t\t\t\t<\/div>\n\t\t<div class=\"elementor-element elementor-element-e6003fe e-flex e-con-boxed kitify-col-width-auto-no ignore-docs-style-no kitify-disable-relative-no e-root-container elementor-top-section e-con e-parent\" data-id=\"e6003fe\" data-element_type=\"container\" data-e-type=\"container\">\n\t\t\t\t\t<div class=\"e-con-inner\">\n\t\t<div class=\"elementor-element elementor-element-777ac43 e-con-full e-flex kitify-col-width-auto-no ignore-docs-style-no kitify-disable-relative-no e-con e-child\" data-id=\"777ac43\" data-element_type=\"container\" data-e-type=\"container\">\n\t\t\t\t<div class=\"elementor-element elementor-element-1da3971 elementor-widget elementor-widget-accordion\" data-id=\"1da3971\" data-element_type=\"widget\" data-e-type=\"widget\" data-widget_type=\"accordion.default\">\n\t\t\t\t<div class=\"elementor-widget-container\">\n\t\t\t\t\t\t\t<div class=\"elementor-accordion\">\n\t\t\t\t\t\t\t<div class=\"elementor-accordion-item\">\n\t\t\t\t\t<div id=\"elementor-tab-title-3101\" class=\"elementor-tab-title\" data-tab=\"1\" role=\"button\" aria-controls=\"elementor-tab-content-3101\" aria-expanded=\"false\">\n\t\t\t\t\t\t\t\t\t\t\t\t\t<span class=\"elementor-accordion-icon elementor-accordion-icon-right\" aria-hidden=\"true\">\n\t\t\t\t\t\t\t\t\t\t\t\t\t\t\t<span class=\"elementor-accordion-icon-closed\"><i class=\"dlicon ui-1_simple-add\"><\/i><\/span>\n\t\t\t\t\t\t\t\t<span class=\"elementor-accordion-icon-opened\"><i class=\"dlicon ui-1_simple-delete\"><\/i><\/span>\n\t\t\t\t\t\t\t\t\t\t\t\t\t\t<\/span>\n\t\t\t\t\t\t\t\t\t\t\t\t<a class=\"elementor-accordion-title\" tabindex=\"0\">Chronicles \u00fcr\u00fcnlerini benzersiz k\u0131lan nedir?<\/a>\n\t\t\t\t\t<\/div>\n\t\t\t\t\t<div id=\"elementor-tab-content-3101\" class=\"elementor-tab-content elementor-clearfix\" data-tab=\"1\" role=\"region\" aria-labelledby=\"elementor-tab-title-3101\"><p>Chronicles&#8217;ta her par\u00e7ay\u0131 tutku ve ama\u00e7 do\u011frultusunda \u00fcretiyoruz. \u00dcr\u00fcnlerimiz s\u0131radan alanlar\u0131 ola\u011fan\u00fcst\u00fc deneyimlere d\u00f6n\u00fc\u015ft\u00fcrmek i\u00e7in tasarlanm\u0131\u015ft\u0131r. Minimalizm, l\u00fcks ve s\u00fcrd\u00fcr\u00fclebilirli\u011fe odaklanan her bir \u00fcr\u00fcn, \u00e7evre dostu PLA biyoplastik gibi \u00f6zenle se\u00e7ilmi\u015f malzemelerle \u00fcretiliyor ve \u00e7evre bilinciyle y\u00fcksek kaliteli tasar\u0131m sa\u011fl\u0131yor.<\/p>\n<\/div>\n\t\t\t\t<\/div>\n\t\t\t\t\t\t\t<div class=\"elementor-accordion-item\">\n\t\t\t\t\t<div id=\"elementor-tab-title-3102\" class=\"elementor-tab-title\" data-tab=\"2\" role=\"button\" aria-controls=\"elementor-tab-content-3102\" aria-expanded=\"false\">\n\t\t\t\t\t\t\t\t\t\t\t\t\t<span class=\"elementor-accordion-icon elementor-accordion-icon-right\" aria-hidden=\"true\">\n\t\t\t\t\t\t\t\t\t\t\t\t\t\t\t<span class=\"elementor-accordion-icon-closed\"><i class=\"dlicon ui-1_simple-add\"><\/i><\/span>\n\t\t\t\t\t\t\t\t<span class=\"elementor-accordion-icon-opened\"><i class=\"dlicon ui-1_simple-delete\"><\/i><\/span>\n\t\t\t\t\t\t\t\t\t\t\t\t\t\t<\/span>\n\t\t\t\t\t\t\t\t\t\t\t\t<a class=\"elementor-accordion-title\" tabindex=\"0\">Chronicles \u00fcr\u00fcnlerimin bak\u0131m\u0131n\u0131 nas\u0131l yapar\u0131m?<\/a>\n\t\t\t\t\t<\/div>\n\t\t\t\t\t<div id=\"elementor-tab-content-3102\" class=\"elementor-tab-content elementor-clearfix\" data-tab=\"2\" role=\"region\" aria-labelledby=\"elementor-tab-title-3102\"><p>Chronicles par\u00e7alar\u0131n\u0131z\u0131n \u015f\u0131kl\u0131\u011f\u0131n\u0131 korumak i\u00e7in yumu\u015fak, kuru bir bezle temizlemenizi \u00f6neririz. Daha karma\u015f\u0131k \u00fcr\u00fcnler i\u00e7in l\u00fctfen \u00fcr\u00fcn\u00fcn\u00fczle birlikte verilen bak\u0131m talimatlar\u0131n\u0131 izleyin. Do\u011fal g\u00fczelliklerini ve dayan\u0131kl\u0131l\u0131klar\u0131n\u0131 korumak i\u00e7in par\u00e7alar\u0131n\u0131z\u0131 sert kimyasallardan veya a\u015f\u0131nd\u0131r\u0131c\u0131lardan uzak tutman\u0131z\u0131 \u00f6neririz.<\/p>\n<\/div>\n\t\t\t\t<\/div>\n\t\t\t\t\t\t\t<div class=\"elementor-accordion-item\">\n\t\t\t\t\t<div id=\"elementor-tab-title-3103\" class=\"elementor-tab-title\" data-tab=\"3\" role=\"button\" aria-controls=\"elementor-tab-content-3103\" aria-expanded=\"false\">\n\t\t\t\t\t\t\t\t\t\t\t\t\t<span class=\"elementor-accordion-icon elementor-accordion-icon-right\" aria-hidden=\"true\">\n\t\t\t\t\t\t\t\t\t\t\t\t\t\t\t<span class=\"elementor-accordion-icon-closed\"><i class=\"dlicon ui-1_simple-add\"><\/i><\/span>\n\t\t\t\t\t\t\t\t<span class=\"elementor-accordion-icon-opened\"><i class=\"dlicon ui-1_simple-delete\"><\/i><\/span>\n\t\t\t\t\t\t\t\t\t\t\t\t\t\t<\/span>\n\t\t\t\t\t\t\t\t\t\t\t\t<a class=\"elementor-accordion-title\" tabindex=\"0\">Bir \u00fcr\u00fcn\u00fc iade edebilir veya de\u011fi\u015ftirebilir miyim?<\/a>\n\t\t\t\t\t<\/div>\n\t\t\t\t\t<div id=\"elementor-tab-content-3103\" class=\"elementor-tab-content elementor-clearfix\" data-tab=\"3\" role=\"region\" aria-labelledby=\"elementor-tab-title-3103\"><p>G\u00fcvenli ve rahat \u00f6demeler i\u00e7in ba\u015fl\u0131ca kredi kartlar\u0131n\u0131 (Visa, MasterCard, American Express) ve PayPal&#8217;\u0131 kabul ediyoruz.<\/p>\n<\/div>\n\t\t\t\t<\/div>\n\t\t\t\t\t\t\t<div class=\"elementor-accordion-item\">\n\t\t\t\t\t<div id=\"elementor-tab-title-3104\" class=\"elementor-tab-title\" data-tab=\"4\" role=\"button\" aria-controls=\"elementor-tab-content-3104\" aria-expanded=\"false\">\n\t\t\t\t\t\t\t\t\t\t\t\t\t<span class=\"elementor-accordion-icon elementor-accordion-icon-right\" aria-hidden=\"true\">\n\t\t\t\t\t\t\t\t\t\t\t\t\t\t\t<span class=\"elementor-accordion-icon-closed\"><i class=\"dlicon ui-1_simple-add\"><\/i><\/span>\n\t\t\t\t\t\t\t\t<span class=\"elementor-accordion-icon-opened\"><i class=\"dlicon ui-1_simple-delete\"><\/i><\/span>\n\t\t\t\t\t\t\t\t\t\t\t\t\t\t<\/span>\n\t\t\t\t\t\t\t\t\t\t\t\t<a class=\"elementor-accordion-title\" tabindex=\"0\">Ambalaj \u00e7evre dostu mu?<\/a>\n\t\t\t\t\t<\/div>\n\t\t\t\t\t<div id=\"elementor-tab-content-3104\" class=\"elementor-tab-content elementor-clearfix\" data-tab=\"4\" role=\"region\" aria-labelledby=\"elementor-tab-title-3104\"><p>Kesinlikle. Chronicles olarak, \u00e7evresel etkimizi ba\u015ftan sona azaltmaya inan\u0131yoruz. Ambalajlar\u0131m\u0131z minimal ama zariftir, s\u00fcrd\u00fcr\u00fclebilir malzemelerden yap\u0131lm\u0131\u015ft\u0131r ve \u00fcr\u00fcnlerinizin g\u00fcvenli ve g\u00fczel bir \u015fekilde ula\u015fmas\u0131n\u0131 sa\u011flamak i\u00e7in tasarlanm\u0131\u015ft\u0131r.<\/p>\n<\/div>\n\t\t\t\t<\/div>\n\t\t\t\t\t\t\t<div class=\"elementor-accordion-item\">\n\t\t\t\t\t<div id=\"elementor-tab-title-3105\" class=\"elementor-tab-title\" data-tab=\"5\" role=\"button\" aria-controls=\"elementor-tab-content-3105\" aria-expanded=\"false\">\n\t\t\t\t\t\t\t\t\t\t\t\t\t<span class=\"elementor-accordion-icon elementor-accordion-icon-right\" aria-hidden=\"true\">\n\t\t\t\t\t\t\t\t\t\t\t\t\t\t\t<span class=\"elementor-accordion-icon-closed\"><i class=\"dlicon ui-1_simple-add\"><\/i><\/span>\n\t\t\t\t\t\t\t\t<span class=\"elementor-accordion-icon-opened\"><i class=\"dlicon ui-1_simple-delete\"><\/i><\/span>\n\t\t\t\t\t\t\t\t\t\t\t\t\t\t<\/span>\n\t\t\t\t\t\t\t\t\t\t\t\t<a class=\"elementor-accordion-title\" tabindex=\"0\">  Sipari\u015fimi nas\u0131l takip edebilirim?<\/a>\n\t\t\t\t\t<\/div>\n\t\t\t\t\t<div id=\"elementor-tab-content-3105\" class=\"elementor-tab-content elementor-clearfix\" data-tab=\"5\" role=\"region\" aria-labelledby=\"elementor-tab-title-3105\"><p>Sipari\u015finiz g\u00f6nderildikten sonra e-posta yoluyla bir takip numaras\u0131 alacaks\u0131n\u0131z. Sipari\u015finizin durumunu ve teslimat s\u00fcrecini takip etmek i\u00e7in bu numaray\u0131 kullanabilirsiniz. Ayr\u0131ca sipari\u015finizi <a href=\"https:\/\/chronicles.store\/tr\/siparis-takibi\/\">bu sayfadan<\/a> takip edebilirsiniz.<\/p>\n<\/div>\n\t\t\t\t<\/div>\n\t\t\t\t\t\t\t<div class=\"elementor-accordion-item\">\n\t\t\t\t\t<div id=\"elementor-tab-title-3106\" class=\"elementor-tab-title\" data-tab=\"6\" role=\"button\" aria-controls=\"elementor-tab-content-3106\" aria-expanded=\"false\">\n\t\t\t\t\t\t\t\t\t\t\t\t\t<span class=\"elementor-accordion-icon elementor-accordion-icon-right\" aria-hidden=\"true\">\n\t\t\t\t\t\t\t\t\t\t\t\t\t\t\t<span class=\"elementor-accordion-icon-closed\"><i class=\"dlicon ui-1_simple-add\"><\/i><\/span>\n\t\t\t\t\t\t\t\t<span class=\"elementor-accordion-icon-opened\"><i class=\"dlicon ui-1_simple-delete\"><\/i><\/span>\n\t\t\t\t\t\t\t\t\t\t\t\t\t\t<\/span>\n\t\t\t\t\t\t\t\t\t\t\t\t<a class=\"elementor-accordion-title\" tabindex=\"0\">Bir \u00fcr\u00fcn\u00fc \u00f6zelle\u015ftirebilir miyim?<\/a>\n\t\t\t\t\t<\/div>\n\t\t\t\t\t<div id=\"elementor-tab-content-3106\" class=\"elementor-tab-content elementor-clearfix\" data-tab=\"6\" role=\"region\" aria-labelledby=\"elementor-tab-title-3106\"><p>\u015eu anda \u00fcr\u00fcn \u00f6zelle\u015ftirme hizmeti sunmuyoruz. Bununla birlikte, koleksiyonlar\u0131m\u0131z \u00e7e\u015fitli stillere uyacak \u015fekilde \u00f6zenle se\u00e7ilmi\u015ftir ve size uygun bir \u015fey bulaca\u011f\u0131n\u0131zdan eminiz.<\/p>\n<\/div>\n\t\t\t\t<\/div>\n\t\t\t\t\t\t\t\t\t\t<script type=\"application\/ld+json\">{\"@context\":\"https:\\\/\\\/schema.org\",\"@type\":\"FAQPage\",\"mainEntity\":[{\"@type\":\"Question\",\"name\":\"Chronicles \\u00fcr\\u00fcnlerini benzersiz k\\u0131lan nedir?\",\"acceptedAnswer\":{\"@type\":\"Answer\",\"text\":\"<p>Chronicles&#8217;ta her par\\u00e7ay\\u0131 tutku ve ama\\u00e7 do\\u011frultusunda \\u00fcretiyoruz. \\u00dcr\\u00fcnlerimiz s\\u0131radan alanlar\\u0131 ola\\u011fan\\u00fcst\\u00fc deneyimlere d\\u00f6n\\u00fc\\u015ft\\u00fcrmek i\\u00e7in tasarlanm\\u0131\\u015ft\\u0131r. Minimalizm, l\\u00fcks ve s\\u00fcrd\\u00fcr\\u00fclebilirli\\u011fe odaklanan her bir \\u00fcr\\u00fcn, \\u00e7evre dostu PLA biyoplastik gibi \\u00f6zenle se\\u00e7ilmi\\u015f malzemelerle \\u00fcretiliyor ve \\u00e7evre bilinciyle y\\u00fcksek kaliteli tasar\\u0131m sa\\u011fl\\u0131yor.<\\\/p>\\n\"}},{\"@type\":\"Question\",\"name\":\"Chronicles \\u00fcr\\u00fcnlerimin bak\\u0131m\\u0131n\\u0131 nas\\u0131l yapar\\u0131m?\",\"acceptedAnswer\":{\"@type\":\"Answer\",\"text\":\"<p>Chronicles par\\u00e7alar\\u0131n\\u0131z\\u0131n \\u015f\\u0131kl\\u0131\\u011f\\u0131n\\u0131 korumak i\\u00e7in yumu\\u015fak, kuru bir bezle temizlemenizi \\u00f6neririz. Daha karma\\u015f\\u0131k \\u00fcr\\u00fcnler i\\u00e7in l\\u00fctfen \\u00fcr\\u00fcn\\u00fcn\\u00fczle birlikte verilen bak\\u0131m talimatlar\\u0131n\\u0131 izleyin. Do\\u011fal g\\u00fczelliklerini ve dayan\\u0131kl\\u0131l\\u0131klar\\u0131n\\u0131 korumak i\\u00e7in par\\u00e7alar\\u0131n\\u0131z\\u0131 sert kimyasallardan veya a\\u015f\\u0131nd\\u0131r\\u0131c\\u0131lardan uzak tutman\\u0131z\\u0131 \\u00f6neririz.<\\\/p>\\n\"}},{\"@type\":\"Question\",\"name\":\"Bir \\u00fcr\\u00fcn\\u00fc iade edebilir veya de\\u011fi\\u015ftirebilir miyim?\",\"acceptedAnswer\":{\"@type\":\"Answer\",\"text\":\"<p>G\\u00fcvenli ve rahat \\u00f6demeler i\\u00e7in ba\\u015fl\\u0131ca kredi kartlar\\u0131n\\u0131 (Visa, MasterCard, American Express) ve PayPal&#8217;\\u0131 kabul ediyoruz.<\\\/p>\\n\"}},{\"@type\":\"Question\",\"name\":\"Ambalaj \\u00e7evre dostu mu?\",\"acceptedAnswer\":{\"@type\":\"Answer\",\"text\":\"<p>Kesinlikle. Chronicles olarak, \\u00e7evresel etkimizi ba\\u015ftan sona azaltmaya inan\\u0131yoruz. Ambalajlar\\u0131m\\u0131z minimal ama zariftir, s\\u00fcrd\\u00fcr\\u00fclebilir malzemelerden yap\\u0131lm\\u0131\\u015ft\\u0131r ve \\u00fcr\\u00fcnlerinizin g\\u00fcvenli ve g\\u00fczel bir \\u015fekilde ula\\u015fmas\\u0131n\\u0131 sa\\u011flamak i\\u00e7in tasarlanm\\u0131\\u015ft\\u0131r.<\\\/p>\\n\"}},{\"@type\":\"Question\",\"name\":\"Sipari\\u015fimi nas\\u0131l takip edebilirim?\",\"acceptedAnswer\":{\"@type\":\"Answer\",\"text\":\"<p>Sipari\\u015finiz g\\u00f6nderildikten sonra e-posta yoluyla bir takip numaras\\u0131 alacaks\\u0131n\\u0131z. Sipari\\u015finizin durumunu ve teslimat s\\u00fcrecini takip etmek i\\u00e7in bu numaray\\u0131 kullanabilirsiniz. Ayr\\u0131ca sipari\\u015finizi <a href=\\\"https:\\\/\\\/chronicles.store\\\/tr\\\/siparis-takibi\\\/\\\">bu sayfadan<\\\/a> takip edebilirsiniz.<\\\/p>\\n\"}},{\"@type\":\"Question\",\"name\":\"Bir \\u00fcr\\u00fcn\\u00fc \\u00f6zelle\\u015ftirebilir miyim?\",\"acceptedAnswer\":{\"@type\":\"Answer\",\"text\":\"<p>\\u015eu anda \\u00fcr\\u00fcn \\u00f6zelle\\u015ftirme hizmeti sunmuyoruz. Bununla birlikte, koleksiyonlar\\u0131m\\u0131z \\u00e7e\\u015fitli stillere uyacak \\u015fekilde \\u00f6zenle se\\u00e7ilmi\\u015ftir ve size uygun bir \\u015fey bulaca\\u011f\\u0131n\\u0131zdan eminiz.<\\\/p>\\n\"}}]}<\/script>\n\t\t\t\t\t<\/div>\n\t\t\t\t\t\t<\/div>\n\t\t\t\t<\/div>\n\t\t\t\t<\/div>\n\t\t<div class=\"elementor-element elementor-element-7e036e2 e-con-full e-flex kitify-col-width-auto-no ignore-docs-style-no kitify-disable-relative-no e-con e-child\" data-id=\"7e036e2\" data-element_type=\"container\" data-e-type=\"container\">\n\t\t\t\t<div class=\"elementor-element elementor-element-0663b6c elementor-widget elementor-widget-accordion\" data-id=\"0663b6c\" data-element_type=\"widget\" data-e-type=\"widget\" data-widget_type=\"accordion.default\">\n\t\t\t\t<div class=\"elementor-widget-container\">\n\t\t\t\t\t\t\t<div class=\"elementor-accordion\">\n\t\t\t\t\t\t\t<div class=\"elementor-accordion-item\">\n\t\t\t\t\t<div id=\"elementor-tab-title-6691\" class=\"elementor-tab-title\" data-tab=\"1\" role=\"button\" aria-controls=\"elementor-tab-content-6691\" aria-expanded=\"false\">\n\t\t\t\t\t\t\t\t\t\t\t\t\t<span class=\"elementor-accordion-icon elementor-accordion-icon-right\" aria-hidden=\"true\">\n\t\t\t\t\t\t\t\t\t\t\t\t\t\t\t<span class=\"elementor-accordion-icon-closed\"><i class=\"dlicon ui-1_simple-add\"><\/i><\/span>\n\t\t\t\t\t\t\t\t<span class=\"elementor-accordion-icon-opened\"><i class=\"dlicon ui-1_simple-delete\"><\/i><\/span>\n\t\t\t\t\t\t\t\t\t\t\t\t\t\t<\/span>\n\t\t\t\t\t\t\t\t\t\t\t\t<a class=\"elementor-accordion-title\" tabindex=\"0\">Hediye paketi veya ki\u015fiselle\u015ftirilmi\u015f mesajlar sunuyor musunuz?<\/a>\n\t\t\t\t\t<\/div>\n\t\t\t\t\t<div id=\"elementor-tab-content-6691\" class=\"elementor-tab-content elementor-clearfix\" data-tab=\"1\" role=\"region\" aria-labelledby=\"elementor-tab-title-6691\"><p>Elbette. Chronicles sat\u0131n al\u0131m\u0131n\u0131z i\u00e7in g\u00fczel hediye paketi se\u00e7eneklerinin yan\u0131 s\u0131ra ki\u015fiselle\u015ftirilmi\u015f bir mesaj ekleme f\u0131rsat\u0131 da sunuyoruz. \u00d6deme s\u0131ras\u0131nda bu se\u00e7enekleri se\u00e7erek hediyenizi daha da \u00f6zel hale getirin.<\/p>\n<\/div>\n\t\t\t\t<\/div>\n\t\t\t\t\t\t\t<div class=\"elementor-accordion-item\">\n\t\t\t\t\t<div id=\"elementor-tab-title-6692\" class=\"elementor-tab-title\" data-tab=\"2\" role=\"button\" aria-controls=\"elementor-tab-content-6692\" aria-expanded=\"false\">\n\t\t\t\t\t\t\t\t\t\t\t\t\t<span class=\"elementor-accordion-icon elementor-accordion-icon-right\" aria-hidden=\"true\">\n\t\t\t\t\t\t\t\t\t\t\t\t\t\t\t<span class=\"elementor-accordion-icon-closed\"><i class=\"dlicon ui-1_simple-add\"><\/i><\/span>\n\t\t\t\t\t\t\t\t<span class=\"elementor-accordion-icon-opened\"><i class=\"dlicon ui-1_simple-delete\"><\/i><\/span>\n\t\t\t\t\t\t\t\t\t\t\t\t\t\t<\/span>\n\t\t\t\t\t\t\t\t\t\t\t\t<a class=\"elementor-accordion-title\" tabindex=\"0\">\u00dcr\u00fcnleriniz s\u00fcrd\u00fcr\u00fclebilir malzemelerden mi \u00fcretiliyor?<\/a>\n\t\t\t\t\t<\/div>\n\t\t\t\t\t<div id=\"elementor-tab-content-6692\" class=\"elementor-tab-content elementor-clearfix\" data-tab=\"2\" role=\"region\" aria-labelledby=\"elementor-tab-title-6692\"><p>Evet, s\u00fcrd\u00fcr\u00fclebilirlik markam\u0131z\u0131n merkezinde yer al\u0131yor. \u00dcr\u00fcnlerimizin \u00e7o\u011fu, biyolojik olarak par\u00e7alanabilen ve yenilenebilir bitki kaynaklar\u0131ndan elde edilen PLA biyoplastik gibi \u00e7evre dostu malzemelerden \u00fcretilmektedir. S\u00fcrekli yenilikler yap\u0131yor ve daha s\u00fcrd\u00fcr\u00fclebilir bir gelecek i\u00e7in \u00e7al\u0131\u015f\u0131yoruz.<\/p>\n<\/div>\n\t\t\t\t<\/div>\n\t\t\t\t\t\t\t\t\t\t<script type=\"application\/ld+json\">{\"@context\":\"https:\\\/\\\/schema.org\",\"@type\":\"FAQPage\",\"mainEntity\":[{\"@type\":\"Question\",\"name\":\"Hediye paketi veya ki\\u015fiselle\\u015ftirilmi\\u015f mesajlar sunuyor musunuz?\",\"acceptedAnswer\":{\"@type\":\"Answer\",\"text\":\"<p>Elbette. Chronicles sat\\u0131n al\\u0131m\\u0131n\\u0131z i\\u00e7in g\\u00fczel hediye paketi se\\u00e7eneklerinin yan\\u0131 s\\u0131ra ki\\u015fiselle\\u015ftirilmi\\u015f bir mesaj ekleme f\\u0131rsat\\u0131 da sunuyoruz. \\u00d6deme s\\u0131ras\\u0131nda bu se\\u00e7enekleri se\\u00e7erek hediyenizi daha da \\u00f6zel hale getirin.<\\\/p>\\n\"}},{\"@type\":\"Question\",\"name\":\"\\u00dcr\\u00fcnleriniz s\\u00fcrd\\u00fcr\\u00fclebilir malzemelerden mi \\u00fcretiliyor?\",\"acceptedAnswer\":{\"@type\":\"Answer\",\"text\":\"<p>Evet, s\\u00fcrd\\u00fcr\\u00fclebilirlik markam\\u0131z\\u0131n merkezinde yer al\\u0131yor. \\u00dcr\\u00fcnlerimizin \\u00e7o\\u011fu, biyolojik olarak par\\u00e7alanabilen ve yenilenebilir bitki kaynaklar\\u0131ndan elde edilen PLA biyoplastik gibi \\u00e7evre dostu malzemelerden \\u00fcretilmektedir. S\\u00fcrekli yenilikler yap\\u0131yor ve daha s\\u00fcrd\\u00fcr\\u00fclebilir bir gelecek i\\u00e7in \\u00e7al\\u0131\\u015f\\u0131yoruz.<\\\/p>\\n\"}}]}<\/script>\n\t\t\t\t\t<\/div>\n\t\t\t\t\t\t<\/div>\n\t\t\t\t<\/div>\n\t\t\t\t<\/div>\n\t\t\t\t\t<\/div>\n\t\t\t\t<\/div>\n\t\t\t\t<\/div>\n\t\t","protected":false},"excerpt":{"rendered":"<p>Home Chronicles \u00fcr\u00fcnlerini benzersiz k\u0131lan nedir? Chronicles&#8217;ta her par\u00e7ay\u0131 tutku ve ama\u00e7 do\u011frultusunda \u00fcretiyoruz. \u00dcr\u00fcnlerimiz s\u0131radan alanlar\u0131 ola\u011fan\u00fcst\u00fc deneyimlere d\u00f6n\u00fc\u015ft\u00fcrmek i\u00e7in tasarlanm\u0131\u015ft\u0131r. Minimalizm, l\u00fcks ve s\u00fcrd\u00fcr\u00fclebilirli\u011fe odaklanan her bir \u00fcr\u00fcn, \u00e7evre dostu PLA biyoplastik gibi \u00f6zenle se\u00e7ilmi\u015f malzemelerle \u00fcretiliyor ve \u00e7evre bilinciyle y\u00fcksek kaliteli tasar\u0131m sa\u011fl\u0131yor. Chronicles \u00fcr\u00fcnlerimin bak\u0131m\u0131n\u0131 nas\u0131l yapar\u0131m? Chronicles par\u00e7alar\u0131n\u0131z\u0131n \u015f\u0131kl\u0131\u011f\u0131n\u0131 korumak i\u00e7in yumu\u015fak, kuru bir bezle\u2026<\/p>\n","protected":false},"author":1,"featured_media":0,"parent":0,"menu_order":0,"comment_status":"closed","ping_status":"closed","template":"","meta":{"footnotes":""},"class_list":["post-1736","page","type-page","status-publish","hentry"],"_links":{"self":[{"href":"https:\/\/chronicles.store\/tr\/wp-json\/wp\/v2\/pages\/1736","targetHints":{"allow":["GET"]}}],"collection":[{"href":"https:\/\/chronicles.store\/tr\/wp-json\/wp\/v2\/pages"}],"about":[{"href":"https:\/\/chronicles.store\/tr\/wp-json\/wp\/v2\/types\/page"}],"author":[{"embeddable":true,"href":"https:\/\/chronicles.store\/tr\/wp-json\/wp\/v2\/users\/1"}],"replies":[{"embeddable":true,"href":"https:\/\/chronicles.store\/tr\/wp-json\/wp\/v2\/comments?post=1736"}],"version-history":[{"count":1,"href":"https:\/\/chronicles.store\/tr\/wp-json\/wp\/v2\/pages\/1736\/revisions"}],"predecessor-version":[{"id":1746,"href":"https:\/\/chronicles.store\/tr\/wp-json\/wp\/v2\/pages\/1736\/revisions\/1746"}],"wp:attachment":[{"href":"https:\/\/chronicles.store\/tr\/wp-json\/wp\/v2\/media?parent=1736"}],"curies":[{"name":"wp","href":"https:\/\/api.w.org\/{rel}","templated":true}]}}