{"id":1703,"date":"2025-02-24T14:05:17","date_gmt":"2025-02-24T11:05:17","guid":{"rendered":"https:\/\/chronicles.store\/product\/bloom-tray\/"},"modified":"2026-01-26T22:27:33","modified_gmt":"2026-01-26T19:27:33","slug":"bloom-tray","status":"publish","type":"product","link":"https:\/\/chronicles.store\/tr\/urun\/bloom-tray\/","title":{"rendered":"Bloom Tray"},"content":{"rendered":"<p>\u00c7i\u00e7ek a\u00e7man\u0131n narin formundan ilham alan <strong>Bloom Tepsi<\/strong>, her alana \u00e7ekicilik ve zarafet katan \u00e7i\u00e7ek \u015feklinde g\u00fczel bir tasar\u0131ma sahiptir. K\u00fc\u00e7\u00fck e\u015fyalar\u0131 d\u00fczenlemek veya dekoratif bir par\u00e7a olarak kullanmak i\u00e7in m\u00fckemmel olan bu heykelsi tepsi, e\u011flenceli ama sofistike bir dokunu\u015f sunuyor. Y\u00fcksek kaliteli malzemelerden \u00fcretilen <strong data-start=\"809\" data-end=\"823\">Bloom Tepsi<\/strong>, stil ve pratikli\u011fi bir araya getirerek ev dekorunuza \u00e7arp\u0131c\u0131 bir katk\u0131 sa\u011flar. \u0130ster sehpa, ister makyaj masas\u0131 ya da antre \u00fczerine yerle\u015ftirilsin, \u00e7evrenize zahmetsiz bir zarafet ve do\u011fal g\u00fczellik hissi katar.<\/p>\n","protected":false},"excerpt":{"rendered":"<p data-start=\"275\" data-end=\"448\"><strong data-start=\"279\" data-end=\"293\">Bloom Tepsi<\/strong>, mekan\u0131n\u0131za taze, \u00e7i\u00e7eklerden ilham alan bir tasar\u0131m getirerek hem g\u00fczellik hem de i\u015flevsellik sunar. Her y\u00fczeye \u015f\u0131kl\u0131k katan m\u00fckemmel bir dekoratif tepsi.<\/p>\n","protected":false},"featured_media":2357,"comment_status":"open","ping_status":"closed","template":"","meta":[],"product_brand":[],"product_cat":[91],"product_tag":[],"class_list":{"0":"post-1703","1":"product","2":"type-product","3":"status-publish","4":"has-post-thumbnail","6":"product_cat-tepsi","8":"first","9":"instock","10":"taxable","11":"shipping-taxable","12":"purchasable","13":"product-type-variable","14":"has-default-attributes"},"_links":{"self":[{"href":"https:\/\/chronicles.store\/tr\/wp-json\/wp\/v2\/product\/1703","targetHints":{"allow":["GET"]}}],"collection":[{"href":"https:\/\/chronicles.store\/tr\/wp-json\/wp\/v2\/product"}],"about":[{"href":"https:\/\/chronicles.store\/tr\/wp-json\/wp\/v2\/types\/product"}],"replies":[{"embeddable":true,"href":"https:\/\/chronicles.store\/tr\/wp-json\/wp\/v2\/comments?post=1703"}],"wp:featuredmedia":[{"embeddable":true,"href":"https:\/\/chronicles.store\/tr\/wp-json\/wp\/v2\/media\/2357"}],"wp:attachment":[{"href":"https:\/\/chronicles.store\/tr\/wp-json\/wp\/v2\/media?parent=1703"}],"wp:term":[{"taxonomy":"product_brand","embeddable":true,"href":"https:\/\/chronicles.store\/tr\/wp-json\/wp\/v2\/product_brand?post=1703"},{"taxonomy":"product_cat","embeddable":true,"href":"https:\/\/chronicles.store\/tr\/wp-json\/wp\/v2\/product_cat?post=1703"},{"taxonomy":"product_tag","embeddable":true,"href":"https:\/\/chronicles.store\/tr\/wp-json\/wp\/v2\/product_tag?post=1703"}],"curies":[{"name":"wp","href":"https:\/\/api.w.org\/{rel}","templated":true}]}}