{"id":1803,"date":"2025-02-24T21:10:02","date_gmt":"2025-02-24T18:10:02","guid":{"rendered":"https:\/\/chronicles.store\/product\/marea-vazosu\/"},"modified":"2025-09-23T01:54:53","modified_gmt":"2025-09-22T22:54:53","slug":"marea-vazosu","status":"publish","type":"product","link":"https:\/\/chronicles.store\/tr\/urun\/marea-vazosu\/","title":{"rendered":"Marea Vazo"},"content":{"rendered":"<p data-start=\"643\" data-end=\"954\"><strong data-start=\"647\" data-end=\"661\">Marea Vazo<\/strong>, form ve i\u015flevselli\u011fin g\u00fc\u00e7l\u00fc bir birle\u015fimi olup, b\u00fcy\u00fcleyici ve ilham verici bir tasar\u0131ma sahiptir. Zarif \u015fekli ile bu vazo, herhangi bir mek\u00e2na sofistike bir dokunu\u015f katmaktad\u0131r. Taze \u00e7i\u00e7eklerle doldurulmu\u015f olsun ya da tek ba\u015f\u0131na sergilensin, zarif bir atmosfer yaratarak her odan\u0131n g\u00fczelli\u011fini art\u0131rmaktad\u0131r.<\/p>\n<p data-start=\"1194\" data-end=\"1377\">Y\u00fcksek kaliteli, s\u00fcrd\u00fcr\u00fclebilir malzemelerden \u00fcretilen Marea Vazo, Chronicles&#8217;\u0131n \u00e7evre bilincine sahip l\u00fcks anlay\u0131\u015f\u0131yla uyumlu olup, koleksiyonunuza zarif ve bilin\u00e7li bir katk\u0131 sunmaktad\u0131r.<\/p>\n<p data-start=\"1379\" data-end=\"1425\"><strong data-start=\"1379\" data-end=\"1423\">Mek\u00e2n\u0131n\u0131z\u0131 sanatsal zarafetle y\u00fcceltin.<\/strong><\/p>\n","protected":false},"excerpt":{"rendered":"<p>Zarif, heykelsi ve karakteri y\u00fcksek. <strong data-start=\"459\" data-end=\"473\">Marea Vazo<\/strong>, hem modern hem de klasik duyarl\u0131l\u0131klara hitap eden ustaca i\u015flenmi\u015f tasar\u0131m\u0131yla, her ortama zahmetsiz bir \u015f\u0131kl\u0131k getirmektedir.<\/p>\n","protected":false},"featured_media":2348,"comment_status":"open","ping_status":"closed","template":"","meta":[],"product_brand":[],"product_cat":[92],"product_tag":[],"class_list":{"0":"post-1803","1":"product","2":"type-product","3":"status-publish","4":"has-post-thumbnail","6":"product_cat-vazolar","8":"first","9":"instock","10":"taxable","11":"shipping-taxable","12":"purchasable","13":"product-type-variable","14":"has-default-attributes"},"_links":{"self":[{"href":"https:\/\/chronicles.store\/tr\/wp-json\/wp\/v2\/product\/1803","targetHints":{"allow":["GET"]}}],"collection":[{"href":"https:\/\/chronicles.store\/tr\/wp-json\/wp\/v2\/product"}],"about":[{"href":"https:\/\/chronicles.store\/tr\/wp-json\/wp\/v2\/types\/product"}],"replies":[{"embeddable":true,"href":"https:\/\/chronicles.store\/tr\/wp-json\/wp\/v2\/comments?post=1803"}],"wp:featuredmedia":[{"embeddable":true,"href":"https:\/\/chronicles.store\/tr\/wp-json\/wp\/v2\/media\/2348"}],"wp:attachment":[{"href":"https:\/\/chronicles.store\/tr\/wp-json\/wp\/v2\/media?parent=1803"}],"wp:term":[{"taxonomy":"product_brand","embeddable":true,"href":"https:\/\/chronicles.store\/tr\/wp-json\/wp\/v2\/product_brand?post=1803"},{"taxonomy":"product_cat","embeddable":true,"href":"https:\/\/chronicles.store\/tr\/wp-json\/wp\/v2\/product_cat?post=1803"},{"taxonomy":"product_tag","embeddable":true,"href":"https:\/\/chronicles.store\/tr\/wp-json\/wp\/v2\/product_tag?post=1803"}],"curies":[{"name":"wp","href":"https:\/\/api.w.org\/{rel}","templated":true}]}}