{"id":1821,"date":"2025-02-24T13:48:46","date_gmt":"2025-02-24T10:48:46","guid":{"rendered":"https:\/\/chronicles.store\/product\/bloom-pot\/"},"modified":"2026-01-26T22:27:07","modified_gmt":"2026-01-26T19:27:07","slug":"bloom-pot","status":"publish","type":"product","link":"https:\/\/chronicles.store\/tr\/urun\/bloom-pot\/","title":{"rendered":"Bloom Pot"},"content":{"rendered":"<p>Yumu\u015fak ve ak\u0131\u015fkan k\u0131vr\u0131mlarla tasarlanan <strong data-start=\"539\" data-end=\"552\">Bloom Pot<\/strong>, organik zarafeti yeniden tan\u0131mlamaktad\u0131r. Heykelsi formu bir hareket hissi yarat\u0131rken, y\u00fcksek kaliteli i\u015f\u00e7ili\u011fi dayan\u0131kl\u0131l\u0131k ve zamans\u0131z bir \u00e7ekicilik sa\u011flamaktad\u0131r. \u0130ster yemye\u015fil bitkilere ev sahipli\u011fi yaps\u0131n, ister tek ba\u015f\u0131na bir tasar\u0131m par\u00e7as\u0131 olarak dursun, bu saks\u0131 zarifli\u011fiyle herhangi bir i\u00e7 mek\u00e2n\u0131 zahmetsizce g\u00fczelle\u015ftirmektedir. Sanat ve i\u015flevselli\u011fin m\u00fckemmel bir dengesi olan <strong data-start=\"889\" data-end=\"902\">Bloom Pot<\/strong>, herhangi bir alan\u0131 \u00f6zenle d\u00fczenlenmi\u015f bir s\u0131\u011f\u0131na\u011fa d\u00f6n\u00fc\u015ft\u00fcrmektedir.<\/p>\n","protected":false},"excerpt":{"rendered":"<p><strong data-start=\"274\" data-end=\"287\">Bloom Pot<\/strong>, ak\u0131c\u0131 ve k\u0131vr\u0131ml\u0131 formuyla heykelsi zarafeti modern tasar\u0131mla harmanlayarak b\u00fcy\u00fcleyici bir etki yaratmaktad\u0131r. Herhangi bir mek\u00e2na uyum ve sofistikasyon getiren bir a\u00e7\u0131klama par\u00e7as\u0131d\u0131r.<\/p>\n","protected":false},"featured_media":2344,"comment_status":"open","ping_status":"closed","template":"","meta":[],"product_brand":[],"product_cat":[93],"product_tag":[],"class_list":{"0":"post-1821","1":"product","2":"type-product","3":"status-publish","4":"has-post-thumbnail","6":"product_cat-saksilar","8":"first","9":"instock","10":"featured","11":"taxable","12":"shipping-taxable","13":"purchasable","14":"product-type-variable","15":"has-default-attributes"},"_links":{"self":[{"href":"https:\/\/chronicles.store\/tr\/wp-json\/wp\/v2\/product\/1821","targetHints":{"allow":["GET"]}}],"collection":[{"href":"https:\/\/chronicles.store\/tr\/wp-json\/wp\/v2\/product"}],"about":[{"href":"https:\/\/chronicles.store\/tr\/wp-json\/wp\/v2\/types\/product"}],"replies":[{"embeddable":true,"href":"https:\/\/chronicles.store\/tr\/wp-json\/wp\/v2\/comments?post=1821"}],"wp:featuredmedia":[{"embeddable":true,"href":"https:\/\/chronicles.store\/tr\/wp-json\/wp\/v2\/media\/2344"}],"wp:attachment":[{"href":"https:\/\/chronicles.store\/tr\/wp-json\/wp\/v2\/media?parent=1821"}],"wp:term":[{"taxonomy":"product_brand","embeddable":true,"href":"https:\/\/chronicles.store\/tr\/wp-json\/wp\/v2\/product_brand?post=1821"},{"taxonomy":"product_cat","embeddable":true,"href":"https:\/\/chronicles.store\/tr\/wp-json\/wp\/v2\/product_cat?post=1821"},{"taxonomy":"product_tag","embeddable":true,"href":"https:\/\/chronicles.store\/tr\/wp-json\/wp\/v2\/product_tag?post=1821"}],"curies":[{"name":"wp","href":"https:\/\/api.w.org\/{rel}","templated":true}]}}