{"id":1830,"date":"2025-02-24T13:51:28","date_gmt":"2025-02-24T10:51:28","guid":{"rendered":"https:\/\/chronicles.store\/product\/malibu-pot\/"},"modified":"2025-09-23T01:54:53","modified_gmt":"2025-09-22T22:54:53","slug":"malibu-pot","status":"publish","type":"product","link":"https:\/\/chronicles.store\/tr\/urun\/malibu-pot\/","title":{"rendered":"Malibu Pot"},"content":{"rendered":"<p><strong data-start=\"478\" data-end=\"492\">Malibu Pot<\/strong>, g\u00fc\u00e7 ve sanat\u0131n birle\u015fimi olup, \u00e7arp\u0131c\u0131 ve mimari formuyla tan\u0131mlanmaktad\u0131r. Cesur \u00e7izgileri ve heykelsi varl\u0131\u011f\u0131yla dikkatleri \u00fczerine \u00e7ekerken, ayn\u0131 zamanda zarif bir sofistikasyon havas\u0131n\u0131 muhafaza etmektedir. Y\u00fcksek kaliteli malzemelerden imal edilmi\u015f olan bu saks\u0131, g\u00f6rsel olarak etkileyici oldu\u011fu kadar dayan\u0131kl\u0131d\u0131r. \u0130ster ye\u015fillik i\u00e7in kullan\u0131ls\u0131n, ister tek ba\u015f\u0131na bir dekor \u00f6gesi olarak sergilensin, <strong data-start=\"844\" data-end=\"858\">Malibu Pot<\/strong>, kendine g\u00fcvenen ve \u00e7a\u011fda\u015f tasar\u0131m\u0131yla herhangi bir mek\u00e2n\u0131 d\u00f6n\u00fc\u015ft\u00fcrmektedir.<\/p>\n","protected":false},"excerpt":{"rendered":"<p><strong data-start=\"275\" data-end=\"289\">Malibu Pot<\/strong>, cesur ve heykelsi formuyla g\u00fc\u00e7l\u00fc bir etki yaratmaktad\u0131r. Modern i\u00e7 mek\u00e2nlar i\u00e7in tasarlanm\u0131\u015f, g\u00fc\u00e7 ve zarafeti harmanlayan bir beyan niteli\u011finde par\u00e7ad\u0131r.<\/p>\n","protected":false},"featured_media":2340,"comment_status":"open","ping_status":"closed","template":"","meta":[],"product_brand":[],"product_cat":[93],"product_tag":[],"class_list":{"0":"post-1830","1":"product","2":"type-product","3":"status-publish","4":"has-post-thumbnail","6":"product_cat-saksilar","8":"first","9":"instock","10":"featured","11":"taxable","12":"shipping-taxable","13":"purchasable","14":"product-type-variable","15":"has-default-attributes"},"_links":{"self":[{"href":"https:\/\/chronicles.store\/tr\/wp-json\/wp\/v2\/product\/1830","targetHints":{"allow":["GET"]}}],"collection":[{"href":"https:\/\/chronicles.store\/tr\/wp-json\/wp\/v2\/product"}],"about":[{"href":"https:\/\/chronicles.store\/tr\/wp-json\/wp\/v2\/types\/product"}],"replies":[{"embeddable":true,"href":"https:\/\/chronicles.store\/tr\/wp-json\/wp\/v2\/comments?post=1830"}],"wp:featuredmedia":[{"embeddable":true,"href":"https:\/\/chronicles.store\/tr\/wp-json\/wp\/v2\/media\/2340"}],"wp:attachment":[{"href":"https:\/\/chronicles.store\/tr\/wp-json\/wp\/v2\/media?parent=1830"}],"wp:term":[{"taxonomy":"product_brand","embeddable":true,"href":"https:\/\/chronicles.store\/tr\/wp-json\/wp\/v2\/product_brand?post=1830"},{"taxonomy":"product_cat","embeddable":true,"href":"https:\/\/chronicles.store\/tr\/wp-json\/wp\/v2\/product_cat?post=1830"},{"taxonomy":"product_tag","embeddable":true,"href":"https:\/\/chronicles.store\/tr\/wp-json\/wp\/v2\/product_tag?post=1830"}],"curies":[{"name":"wp","href":"https:\/\/api.w.org\/{rel}","templated":true}]}}