{"id":1839,"date":"2025-02-24T13:58:01","date_gmt":"2025-02-24T10:58:01","guid":{"rendered":"https:\/\/chronicles.store\/product\/papatya-saksisi\/"},"modified":"2025-09-23T01:54:53","modified_gmt":"2025-09-22T22:54:53","slug":"papatya-saksisi","status":"publish","type":"product","link":"https:\/\/chronicles.store\/tr\/urun\/papatya-saksisi\/","title":{"rendered":"Daisy Saks\u0131"},"content":{"rendered":"<p>Papatyan\u0131n zarif g\u00fczelli\u011finden esinlenen <strong data-start=\"538\" data-end=\"551\">Daisy Saks\u0131<\/strong>, modern i\u00e7 mekanlara e\u011flenceli ancak zarif bir dokunu\u015f katan benzersiz, \u00e7i\u00e7ek \u015feklinde bir tasar\u0131ma sahiptir. \u0130nce detaylarla i\u015flenmi\u015f bu saks\u0131, zarafeti e\u011flenceli bir tarzla birle\u015ftirerek en sevdi\u011finiz bitkiler i\u00e7in m\u00fckemmel bir yuva olu\u015fturur. Y\u00fcksek kaliteli malzemelerden \u00fcretilen <strong data-start=\"842\" data-end=\"855\">Daisy Saks\u0131<\/strong>, hem dayan\u0131kl\u0131 hem de g\u00f6rsel olarak etkileyicidir ve ne\u015feli ve \u00e7ekici varl\u0131\u011f\u0131yla herhangi bir odan\u0131n havas\u0131n\u0131 y\u00fckseltir. \u0130ster odak noktas\u0131 olarak ister daha b\u00fcy\u00fck bir d\u00fczenlemenin par\u00e7as\u0131 olarak kullan\u0131ls\u0131n, dekorasyonunuza taze bir enerji katar.<\/p>\n","protected":false},"excerpt":{"rendered":"<p><strong data-start=\"280\" data-end=\"293\">Daisy Saks\u0131<\/strong>, \u00e7i\u00e7ek ilhaml\u0131 \u015fekliyle do\u011fan\u0131n zarafetini i\u00e7 mekanlara ta\u015f\u0131maktad\u0131r. Herhangi bir alana cazibe ve g\u00fczellik katan, hem zarif hem de sofistike bir saks\u0131d\u0131r.<\/p>\n","protected":false},"featured_media":2406,"comment_status":"open","ping_status":"closed","template":"","meta":[],"product_brand":[],"product_cat":[93],"product_tag":[],"class_list":{"0":"post-1839","1":"product","2":"type-product","3":"status-publish","4":"has-post-thumbnail","6":"product_cat-saksilar","8":"first","9":"instock","10":"taxable","11":"shipping-taxable","12":"purchasable","13":"product-type-variable","14":"has-default-attributes"},"_links":{"self":[{"href":"https:\/\/chronicles.store\/tr\/wp-json\/wp\/v2\/product\/1839","targetHints":{"allow":["GET"]}}],"collection":[{"href":"https:\/\/chronicles.store\/tr\/wp-json\/wp\/v2\/product"}],"about":[{"href":"https:\/\/chronicles.store\/tr\/wp-json\/wp\/v2\/types\/product"}],"replies":[{"embeddable":true,"href":"https:\/\/chronicles.store\/tr\/wp-json\/wp\/v2\/comments?post=1839"}],"wp:featuredmedia":[{"embeddable":true,"href":"https:\/\/chronicles.store\/tr\/wp-json\/wp\/v2\/media\/2406"}],"wp:attachment":[{"href":"https:\/\/chronicles.store\/tr\/wp-json\/wp\/v2\/media?parent=1839"}],"wp:term":[{"taxonomy":"product_brand","embeddable":true,"href":"https:\/\/chronicles.store\/tr\/wp-json\/wp\/v2\/product_brand?post=1839"},{"taxonomy":"product_cat","embeddable":true,"href":"https:\/\/chronicles.store\/tr\/wp-json\/wp\/v2\/product_cat?post=1839"},{"taxonomy":"product_tag","embeddable":true,"href":"https:\/\/chronicles.store\/tr\/wp-json\/wp\/v2\/product_tag?post=1839"}],"curies":[{"name":"wp","href":"https:\/\/api.w.org\/{rel}","templated":true}]}}