{"id":1848,"date":"2025-02-24T21:07:51","date_gmt":"2025-02-24T18:07:51","guid":{"rendered":"https:\/\/chronicles.store\/product\/swirl-lamp\/"},"modified":"2026-01-26T22:26:23","modified_gmt":"2026-01-26T19:26:23","slug":"swirl-lamp","status":"publish","type":"product","link":"https:\/\/chronicles.store\/tr\/urun\/swirl-lamp\/","title":{"rendered":"Swirl Lamp"},"content":{"rendered":"<p data-start=\"673\" data-end=\"930\">Zarif, heykelsi ve zahmetsizce \u015f\u0131k <strong data-start=\"720\" data-end=\"734\">Swirl Lamba<\/strong>, modern ayd\u0131nlatmay\u0131 yeniden tan\u0131ml\u0131yor. P\u00fcr\u00fczs\u00fcz, ak\u0131c\u0131 k\u0131vr\u0131mlar\u0131 ve sofistike renk paletiyle bu tasar\u0131m, dondurman\u0131n narin k\u0131vr\u0131mlar\u0131ndan esinlenerek her i\u00e7 mekana sanatsal bir dokunu\u015f getiriyor.<\/p>\n<p data-start=\"932\" data-end=\"1189\">Hem i\u015flevselli\u011fe hem de forma de\u011fer verenler i\u00e7in tasarlanan Swirl Lamp, huzurlu bir atmosfer olu\u015fturmak i\u00e7in m\u00fckemmel olan s\u0131cak, davet edici bir parlakl\u0131k yay\u0131yor. \u0130ster odak noktas\u0131 olarak stilize edilsin, ister di\u011fer Chronicles par\u00e7alar\u0131yla e\u015fle\u015ftirilsin, \u00f6zenle d\u00fczenlenmi\u015f mek\u00e2nlara kusursuzca uyum sa\u011fl\u0131yor. <\/p>\n<p data-start=\"1191\" data-end=\"1350\">S\u00fcrd\u00fcr\u00fclebilirlik taahh\u00fcd\u00fcyle tasarlanan bu lamba, y\u00fcksek kaliteli, \u00e7evre dostu malzemelerden \u00fcretilmi\u015f olup, bilin\u00e7li bir yakla\u015f\u0131mla zamans\u0131z g\u00fczelli\u011fi garanti ediyor.<\/p>\n<p data-start=\"1352\" data-end=\"1405\"><strong data-start=\"1352\" data-end=\"1403\">Zarafetle ayd\u0131nlat\u0131n. Her an\u0131 y\u00fcceltin. <\/strong><\/p>\n","protected":false},"excerpt":{"rendered":"<p>Zarafetin k\u0131vr\u0131m\u0131. Swirl Lamp, yumu\u015fak e\u011frileri \u015f\u0131k bir renk paletiyle harmanlayan heykelsi bir ba\u015fyap\u0131tt\u0131r. Dondurman\u0131n narin k\u0131vr\u0131m\u0131ndan ilham alan bu lamba, sadece bir ayd\u0131nlatma de\u011fil\u2014bir ifade bi\u00e7imidir.  <\/p>\n","protected":false},"featured_media":2446,"comment_status":"open","ping_status":"closed","template":"","meta":[],"product_brand":[],"product_cat":[95],"product_tag":[],"class_list":{"0":"post-1848","1":"product","2":"type-product","3":"status-publish","4":"has-post-thumbnail","6":"product_cat-chronicles-tr","8":"first","9":"instock","10":"featured","11":"taxable","12":"shipping-taxable","13":"purchasable","14":"product-type-variable"},"_links":{"self":[{"href":"https:\/\/chronicles.store\/tr\/wp-json\/wp\/v2\/product\/1848","targetHints":{"allow":["GET"]}}],"collection":[{"href":"https:\/\/chronicles.store\/tr\/wp-json\/wp\/v2\/product"}],"about":[{"href":"https:\/\/chronicles.store\/tr\/wp-json\/wp\/v2\/types\/product"}],"replies":[{"embeddable":true,"href":"https:\/\/chronicles.store\/tr\/wp-json\/wp\/v2\/comments?post=1848"}],"wp:featuredmedia":[{"embeddable":true,"href":"https:\/\/chronicles.store\/tr\/wp-json\/wp\/v2\/media\/2446"}],"wp:attachment":[{"href":"https:\/\/chronicles.store\/tr\/wp-json\/wp\/v2\/media?parent=1848"}],"wp:term":[{"taxonomy":"product_brand","embeddable":true,"href":"https:\/\/chronicles.store\/tr\/wp-json\/wp\/v2\/product_brand?post=1848"},{"taxonomy":"product_cat","embeddable":true,"href":"https:\/\/chronicles.store\/tr\/wp-json\/wp\/v2\/product_cat?post=1848"},{"taxonomy":"product_tag","embeddable":true,"href":"https:\/\/chronicles.store\/tr\/wp-json\/wp\/v2\/product_tag?post=1848"}],"curies":[{"name":"wp","href":"https:\/\/api.w.org\/{rel}","templated":true}]}}