{"id":1852,"date":"2025-02-23T23:47:34","date_gmt":"2025-02-23T20:47:34","guid":{"rendered":"https:\/\/chronicles.store\/product\/dune-vazo\/"},"modified":"2026-01-26T22:29:55","modified_gmt":"2026-01-26T19:29:55","slug":"dune-vazo","status":"publish","type":"product","link":"https:\/\/chronicles.store\/tr\/urun\/dune-vazo\/","title":{"rendered":"Dune Vazo"},"content":{"rendered":"<p><strong data-start=\"620\" data-end=\"633\">Dune Vazo<\/strong>, sanat ile i\u015flevi birle\u015ftiren modern ve soyut bir heykeldir. Kum tepelerinin ak\u0131\u015fkan, organik \u015fekillerinden ilham alan bu vazo, dokunsal etkile\u015fimi davet eden bulan\u0131k bir doku ile \u00fcretilmi\u015ftir. Heykelsi formu ve minimalist tasar\u0131m\u0131, ister tek ba\u015f\u0131na ister narin \u00e7i\u00e7ekleri tutarken g\u00f6z al\u0131c\u0131 bir merkez par\u00e7as\u0131 olmas\u0131n\u0131 sa\u011flar. \u00c7a\u011fda\u015f i\u00e7 mekanlar i\u00e7in m\u00fckemmel olan <strong data-start=\"999\" data-end=\"1012\">Dune Vazo<\/strong>, doku ve zarafet katarak her modern alan i\u00e7in zamans\u0131z bir dekor par\u00e7as\u0131 sunar. Hem minimal hem de do\u011fadan ilham alan tasar\u0131m stillerini tamamlayan bu soyut vazonun e\u015fsiz g\u00fczelli\u011fiyle evinizi y\u00fcceltin.<\/p>\n","protected":false},"excerpt":{"rendered":"<p><strong data-start=\"326\" data-end=\"348\"> Dune Vazo<\/strong>, organik, heykelsi bir \u015fekle ve benzersiz, bulan\u0131k dokulu bir y\u00fczeye sahiptir ve her dekora modern bir dokunu\u015f sunar. Bu minimalist ama \u00e7arp\u0131c\u0131 vazo, evinizde zarif ve do\u011fal bir atmosfer yaratmak i\u00e7in m\u00fckemmeldir.<\/p>\n","protected":false},"featured_media":1665,"comment_status":"open","ping_status":"closed","template":"","meta":[],"product_brand":[],"product_cat":[92],"product_tag":[],"class_list":{"0":"post-1852","1":"product","2":"type-product","3":"status-publish","4":"has-post-thumbnail","6":"product_cat-vazolar","8":"first","9":"instock","10":"taxable","11":"shipping-taxable","12":"purchasable","13":"product-type-variable"},"_links":{"self":[{"href":"https:\/\/chronicles.store\/tr\/wp-json\/wp\/v2\/product\/1852","targetHints":{"allow":["GET"]}}],"collection":[{"href":"https:\/\/chronicles.store\/tr\/wp-json\/wp\/v2\/product"}],"about":[{"href":"https:\/\/chronicles.store\/tr\/wp-json\/wp\/v2\/types\/product"}],"replies":[{"embeddable":true,"href":"https:\/\/chronicles.store\/tr\/wp-json\/wp\/v2\/comments?post=1852"}],"wp:featuredmedia":[{"embeddable":true,"href":"https:\/\/chronicles.store\/tr\/wp-json\/wp\/v2\/media\/1665"}],"wp:attachment":[{"href":"https:\/\/chronicles.store\/tr\/wp-json\/wp\/v2\/media?parent=1852"}],"wp:term":[{"taxonomy":"product_brand","embeddable":true,"href":"https:\/\/chronicles.store\/tr\/wp-json\/wp\/v2\/product_brand?post=1852"},{"taxonomy":"product_cat","embeddable":true,"href":"https:\/\/chronicles.store\/tr\/wp-json\/wp\/v2\/product_cat?post=1852"},{"taxonomy":"product_tag","embeddable":true,"href":"https:\/\/chronicles.store\/tr\/wp-json\/wp\/v2\/product_tag?post=1852"}],"curies":[{"name":"wp","href":"https:\/\/api.w.org\/{rel}","templated":true}]}}