{"id":1861,"date":"2025-02-24T13:38:57","date_gmt":"2025-02-24T10:38:57","guid":{"rendered":"https:\/\/chronicles.store\/product\/puruzlu-mum-mumluk\/"},"modified":"2025-09-23T01:54:53","modified_gmt":"2025-09-22T22:54:53","slug":"puruzlu-mum-mumluk","status":"publish","type":"product","link":"https:\/\/chronicles.store\/tr\/urun\/puruzlu-mum-mumluk\/","title":{"rendered":"Bumpy Mumluk"},"content":{"rendered":"<p><strong data-start=\"547\" data-end=\"570\">Bumpy Mumluk,<\/strong> dairesel bir siluet ve benzersiz dokulu bir y\u00fczey ile modern zarafetin bir ifadesidir. Zarif bir sanatsal dokunu\u015fla yumu\u015fak mum \u0131\u015f\u0131\u011f\u0131 yayarak herhangi bir alan\u0131 zahmetsizce zenginle\u015ftirir. Minimalist ancak ifade g\u00fcc\u00fc y\u00fcksek dekorasyonu takdir edenler i\u00e7in tasarlanan bu mumluk, hem i\u015flevsel bir par\u00e7a hem de bir sanat eseridir. Yemek masas\u0131na, konsola veya yatak ba\u015fucuna yerle\u015ftirilmi\u015f olsun, <strong data-start=\"982\" data-end=\"1005\">Bumpy Mumluk<\/strong> s\u0131cakl\u0131k ve zarafet katarak her an\u0131 daha samimi hissettirir.<\/p>\n","protected":false},"excerpt":{"rendered":"<p><strong data-start=\"311\" data-end=\"334\">Bumpy Mumluk<\/strong>, heykelsi zarafeti ay\u0131rt edici dairesel formuyla harmanl\u0131yor. Dokulu y\u00fczeyi derinlik katarak, modern i\u00e7 mekanlar i\u00e7in \u00e7arp\u0131c\u0131 ancak rafine bir aksesuar haline getiriyor.<\/p>\n","protected":false},"featured_media":1679,"comment_status":"open","ping_status":"closed","template":"","meta":[],"product_brand":[],"product_cat":[96],"product_tag":[],"class_list":{"0":"post-1861","1":"product","2":"type-product","3":"status-publish","4":"has-post-thumbnail","6":"product_cat-mumluklar","8":"first","9":"instock","10":"taxable","11":"shipping-taxable","12":"purchasable","13":"product-type-variable","14":"has-default-attributes"},"_links":{"self":[{"href":"https:\/\/chronicles.store\/tr\/wp-json\/wp\/v2\/product\/1861","targetHints":{"allow":["GET"]}}],"collection":[{"href":"https:\/\/chronicles.store\/tr\/wp-json\/wp\/v2\/product"}],"about":[{"href":"https:\/\/chronicles.store\/tr\/wp-json\/wp\/v2\/types\/product"}],"replies":[{"embeddable":true,"href":"https:\/\/chronicles.store\/tr\/wp-json\/wp\/v2\/comments?post=1861"}],"wp:featuredmedia":[{"embeddable":true,"href":"https:\/\/chronicles.store\/tr\/wp-json\/wp\/v2\/media\/1679"}],"wp:attachment":[{"href":"https:\/\/chronicles.store\/tr\/wp-json\/wp\/v2\/media?parent=1861"}],"wp:term":[{"taxonomy":"product_brand","embeddable":true,"href":"https:\/\/chronicles.store\/tr\/wp-json\/wp\/v2\/product_brand?post=1861"},{"taxonomy":"product_cat","embeddable":true,"href":"https:\/\/chronicles.store\/tr\/wp-json\/wp\/v2\/product_cat?post=1861"},{"taxonomy":"product_tag","embeddable":true,"href":"https:\/\/chronicles.store\/tr\/wp-json\/wp\/v2\/product_tag?post=1861"}],"curies":[{"name":"wp","href":"https:\/\/api.w.org\/{rel}","templated":true}]}}