{"id":2157,"date":"2025-03-10T20:54:30","date_gmt":"2025-03-10T17:54:30","guid":{"rendered":"https:\/\/chronicles.store\/product\/mantar-lamba\/"},"modified":"2025-09-23T01:54:53","modified_gmt":"2025-09-22T22:54:53","slug":"mushroom-lamba","status":"publish","type":"product","link":"https:\/\/chronicles.store\/tr\/urun\/mushroom-lamba\/","title":{"rendered":"Mushroom Lamba"},"content":{"rendered":"<p data-start=\"0\" data-end=\"697\"><strong data-start=\"44\" data-end=\"61\">Mantar Lamba<\/strong>, organik yumu\u015fakl\u0131\u011f\u0131 modern minimalizm ile birle\u015ftiren heykelsi bir ayd\u0131nlatma par\u00e7as\u0131d\u0131r. S\u0131cak ve yay\u0131lm\u0131\u015f bir \u0131\u015f\u0131k yaymak \u00fczere tasarlanm\u0131\u015f olup, davetkar bir ambiyans yarat\u0131rken herhangi bir mek\u00e2nda dikkat \u00e7eken bir \u00f6ge olarak i\u015flev g\u00f6r\u00fcr. Do\u011fadan ilham al\u0131narak tasarlanm\u0131\u015f ancak \u00e7a\u011fda\u015f zarafetle rafine edilmi\u015f bu lamba, yatak ba\u015f\u0131 masalar\u0131, okuma k\u00f6\u015feleri veya hem bi\u00e7ime hem de i\u015fleve de\u011fer veren \u00f6zenle d\u00fczenlenmi\u015f i\u00e7 mek\u00e2nlar i\u00e7in m\u00fckemmeldir. \u00dcst\u00fcn kaliteli malzemelerden \u00fcretilmi\u015f ve hassasiyetle i\u015flenmi\u015f olan Mantar Lamba, \u00e7evrenizi zahmetsizce zenginle\u015ftiren <strong data-start=\"520\" data-end=\"548\">zamans\u0131z ayd\u0131nlatma tasar\u0131m\u0131n\u0131<\/strong> somutla\u015ft\u0131r\u0131r. Esteti\u011fin ama\u00e7l\u0131 ayd\u0131nlatma ile bulu\u015ftu\u011fu bu <strong data-start=\"623\" data-end=\"647\" data-is-only-node=\"\">modern tasar\u0131m lamba<\/strong> ile evinizi y\u00fcceltin.<\/p>\n","protected":false},"excerpt":{"rendered":"<p><strong data-start=\"933\" data-end=\"971\">Organik form ve modern minimalizmin<\/strong> kusursuz bir harman\u0131 olan <strong data-start=\"977\" data-end=\"994\">Mantar Lamba<\/strong>, herhangi bir mek\u00e2n\u0131 d\u00f6n\u00fc\u015ft\u00fcren s\u0131cak, yay\u0131lm\u0131\u015f bir \u0131\u015f\u0131k sunar. Zarif i\u00e7 mek\u00e2nlar i\u00e7in \u00f6zenle tasarlanm\u0131\u015f olup, sadece bir ayd\u0131nlatma de\u011fil, ayn\u0131 zamanda bir deneyimdir.<\/p>\n","protected":false},"featured_media":2287,"comment_status":"open","ping_status":"closed","template":"","meta":[],"product_brand":[],"product_cat":[95],"product_tag":[],"class_list":{"0":"post-2157","1":"product","2":"type-product","3":"status-publish","4":"has-post-thumbnail","6":"product_cat-chronicles-tr","8":"first","9":"instock","10":"featured","11":"taxable","12":"shipping-taxable","13":"purchasable","14":"product-type-variable","15":"has-default-attributes"},"_links":{"self":[{"href":"https:\/\/chronicles.store\/tr\/wp-json\/wp\/v2\/product\/2157","targetHints":{"allow":["GET"]}}],"collection":[{"href":"https:\/\/chronicles.store\/tr\/wp-json\/wp\/v2\/product"}],"about":[{"href":"https:\/\/chronicles.store\/tr\/wp-json\/wp\/v2\/types\/product"}],"replies":[{"embeddable":true,"href":"https:\/\/chronicles.store\/tr\/wp-json\/wp\/v2\/comments?post=2157"}],"wp:featuredmedia":[{"embeddable":true,"href":"https:\/\/chronicles.store\/tr\/wp-json\/wp\/v2\/media\/2287"}],"wp:attachment":[{"href":"https:\/\/chronicles.store\/tr\/wp-json\/wp\/v2\/media?parent=2157"}],"wp:term":[{"taxonomy":"product_brand","embeddable":true,"href":"https:\/\/chronicles.store\/tr\/wp-json\/wp\/v2\/product_brand?post=2157"},{"taxonomy":"product_cat","embeddable":true,"href":"https:\/\/chronicles.store\/tr\/wp-json\/wp\/v2\/product_cat?post=2157"},{"taxonomy":"product_tag","embeddable":true,"href":"https:\/\/chronicles.store\/tr\/wp-json\/wp\/v2\/product_tag?post=2157"}],"curies":[{"name":"wp","href":"https:\/\/api.w.org\/{rel}","templated":true}]}}